{"id":380,"date":"2025-01-09T18:45:11","date_gmt":"2025-01-09T18:45:11","guid":{"rendered":"https:\/\/enfoca.com.mx\/?page_id=380"},"modified":"2026-04-10T22:21:27","modified_gmt":"2026-04-10T22:21:27","slug":"cirugia-de-catarata","status":"publish","type":"page","link":"https:\/\/enfoca.com.mx\/eng\/cirugia-de-catarata\/","title":{"rendered":"Cataract surgery"},"content":{"rendered":"<div data-elementor-type=\"wp-page\" data-elementor-id=\"380\" class=\"elementor elementor-380\" data-elementor-post-type=\"page\">\n\t\t\t\t<div class=\"elementor-element elementor-element-fd3e062 elementor-hidden-mobile e-flex e-con-boxed e-con e-parent\" data-id=\"fd3e062\" data-element_type=\"container\" data-e-type=\"container\" data-settings=\"{&quot;background_background&quot;:&quot;classic&quot;}\">\n\t\t\t\t\t<div class=\"e-con-inner\">\n\t\t\t\t\t<\/div>\n\t\t\t\t<\/div>\n\t\t<div class=\"elementor-element elementor-element-f295907 elementor-hidden-desktop elementor-hidden-tablet e-flex e-con-boxed e-con e-parent\" data-id=\"f295907\" data-element_type=\"container\" data-e-type=\"container\" data-settings=\"{&quot;background_background&quot;:&quot;classic&quot;}\">\n\t\t\t\t\t<div class=\"e-con-inner\">\n\t\t\t\t\t<\/div>\n\t\t\t\t<\/div>\n\t\t\t\t<section class=\"elementor-section elementor-top-section elementor-element elementor-element-75c17a8c elementor-section-content-middle elementor-section-boxed elementor-section-height-default elementor-section-height-default\" data-id=\"75c17a8c\" data-element_type=\"section\" data-e-type=\"section\" data-settings=\"{&quot;background_background&quot;:&quot;classic&quot;}\">\n\t\t\t\t\t\t\t<div class=\"elementor-background-overlay\"><\/div>\n\t\t\t\t\t\t\t<div class=\"elementor-container elementor-column-gap-wide\">\n\t\t\t\t\t<div class=\"elementor-column elementor-col-100 elementor-top-column elementor-element elementor-element-63d10fbb elementor-invisible\" data-id=\"63d10fbb\" data-element_type=\"column\" data-e-type=\"column\" data-settings=\"{&quot;animation&quot;:&quot;fadeIn&quot;,&quot;animation_delay&quot;:100}\">\n\t\t\t<div class=\"elementor-widget-wrap elementor-element-populated\">\n\t\t\t\t\t\t<div class=\"elementor-element elementor-element-2d6e750c elementor-widget elementor-widget-video\" data-id=\"2d6e750c\" data-element_type=\"widget\" data-e-type=\"widget\" data-settings=\"{&quot;youtube_url&quot;:&quot;https:\\\/\\\/youtu.be\\\/f42UhyYeO48&quot;,&quot;start&quot;:10,&quot;end&quot;:20,&quot;show_image_overlay&quot;:&quot;yes&quot;,&quot;image_overlay&quot;:{&quot;url&quot;:&quot;&quot;,&quot;id&quot;:&quot;&quot;,&quot;size&quot;:&quot;&quot;},&quot;autoplay&quot;:&quot;yes&quot;,&quot;play_on_mobile&quot;:&quot;yes&quot;,&quot;mute&quot;:&quot;yes&quot;,&quot;loop&quot;:&quot;yes&quot;,&quot;video_type&quot;:&quot;youtube&quot;}\" data-widget_type=\"video.default\">\n\t\t\t\t<div class=\"elementor-widget-container\">\n\t\t\t\t\t\t\t<div class=\"elementor-wrapper elementor-open-inline\">\n\t\t\t<div class=\"elementor-video\"><\/div>\t\t<\/div>\n\t\t\t\t\t\t<\/div>\n\t\t\t\t<\/div>\n\t\t\t\t\t<\/div>\n\t\t<\/div>\n\t\t\t\t<div class=\"elementor-column elementor-col-100 elementor-top-column elementor-element elementor-element-672a85\" data-id=\"672a85\" data-element_type=\"column\" data-e-type=\"column\">\n\t\t\t<div class=\"elementor-widget-wrap elementor-element-populated\">\n\t\t\t\t\t\t<div class=\"elementor-element elementor-element-6068d190 elementor-invisible elementor-widget elementor-widget-heading\" data-id=\"6068d190\" data-element_type=\"widget\" data-e-type=\"widget\" data-settings=\"{&quot;_animation&quot;:&quot;fadeIn&quot;,&quot;_animation_delay&quot;:100}\" data-widget_type=\"heading.default\">\n\t\t\t\t<div class=\"elementor-widget-container\">\n\t\t\t\t\t<h2 class=\"elementor-heading-title elementor-size-default\">What is cataract surgery like?<\/h2>\t\t\t\t<\/div>\n\t\t\t\t<\/div>\n\t\t\t\t<div class=\"elementor-element elementor-element-5a7a6121 elementor-invisible elementor-widget elementor-widget-heading\" data-id=\"5a7a6121\" data-element_type=\"widget\" data-e-type=\"widget\" data-settings=\"{&quot;_animation&quot;:&quot;fadeIn&quot;,&quot;_animation_delay&quot;:150}\" data-widget_type=\"heading.default\">\n\t\t\t\t<div class=\"elementor-widget-container\">\n\t\t\t\t\t<h2 class=\"elementor-heading-title elementor-size-default\">This procedure involves removing the aging lens and then replacing it with an artificial intraocular lens (IOL).\n\nCataract surgery is usually performed under topical anesthesia (with anesthetic drops applied directly to the patient's eye). It is a simple eye procedure that typically takes no more than 10 minutes. Recovery from surgery is generally rapid, with good results achieved within a few days, but these parameters can vary depending on each individual case.<\/h2>\t\t\t\t<\/div>\n\t\t\t\t<\/div>\n\t\t\t\t<section class=\"elementor-section elementor-inner-section elementor-element elementor-element-18960a87 elementor-section-boxed elementor-section-height-default elementor-section-height-default elementor-invisible\" data-id=\"18960a87\" data-element_type=\"section\" data-e-type=\"section\" data-settings=\"{&quot;animation&quot;:&quot;fadeIn&quot;,&quot;animation_delay&quot;:20}\">\n\t\t\t\t\t\t<div class=\"elementor-container elementor-column-gap-no\">\n\t\t\t\t\t<div class=\"elementor-column elementor-col-100 elementor-inner-column elementor-element elementor-element-62c2f58f\" data-id=\"62c2f58f\" data-element_type=\"column\" data-e-type=\"column\">\n\t\t\t<div class=\"elementor-widget-wrap elementor-element-populated\">\n\t\t\t\t\t\t<div class=\"elementor-element elementor-element-6f4975b elementor-align-center elementor-widget elementor-widget-elementskit-button\" data-id=\"6f4975b\" data-element_type=\"widget\" data-e-type=\"widget\" data-widget_type=\"elementskit-button.default\">\n\t\t\t\t<div class=\"elementor-widget-container\">\n\t\t\t\t\t<div class=\"ekit-wid-con\" >\t\t<div class=\"ekit-btn-wraper\">\n\t\t\t\t\t\t\t<a href=\"https:\/\/wa.me\/529982017401\" class=\"elementskit-btn  whitespace--normal\" id=\"\">\n\t\t\t\t\tBook your appointment now\t\t\t\t<\/a>\n\t\t\t\t\t<\/div>\n        <\/div>\t\t\t\t<\/div>\n\t\t\t\t<\/div>\n\t\t\t\t\t<\/div>\n\t\t<\/div>\n\t\t\t\t\t<\/div>\n\t\t<\/section>\n\t\t\t\t\t<\/div>\n\t\t<\/div>\n\t\t\t\t\t<\/div>\n\t\t<\/section>\n\t\t\t\t<section class=\"elementor-section elementor-top-section elementor-element elementor-element-9bd8f01 elementor-section-height-min-height elementor-section-boxed elementor-section-height-default elementor-section-items-middle\" data-id=\"9bd8f01\" data-element_type=\"section\" data-e-type=\"section\" data-settings=\"{&quot;background_background&quot;:&quot;classic&quot;}\">\n\t\t\t\t\t\t\t<div class=\"elementor-background-overlay\"><\/div>\n\t\t\t\t\t\t\t<div class=\"elementor-container elementor-column-gap-default\">\n\t\t\t\t\t<div class=\"elementor-column elementor-col-100 elementor-top-column elementor-element elementor-element-5ac8fb1\" data-id=\"5ac8fb1\" data-element_type=\"column\" data-e-type=\"column\">\n\t\t\t<div class=\"elementor-widget-wrap elementor-element-populated\">\n\t\t\t\t\t\t<div class=\"elementor-element elementor-element-0e49599 elementor-widget__width-inherit elementor-widget elementor-widget-heading\" data-id=\"0e49599\" data-element_type=\"widget\" data-e-type=\"widget\" data-widget_type=\"heading.default\">\n\t\t\t\t<div class=\"elementor-widget-container\">\n\t\t\t\t\t<h1 class=\"elementor-heading-title elementor-size-default\">Seeing the world clearly is not just a privilege, it is a new way of living.<\/h1>\t\t\t\t<\/div>\n\t\t\t\t<\/div>\n\t\t\t\t<div class=\"elementor-element elementor-element-9b30019 elementor-align-center elementor-widget elementor-widget-elementskit-button\" data-id=\"9b30019\" data-element_type=\"widget\" data-e-type=\"widget\" data-widget_type=\"elementskit-button.default\">\n\t\t\t\t<div class=\"elementor-widget-container\">\n\t\t\t\t\t<div class=\"ekit-wid-con\" >\t\t<div class=\"ekit-btn-wraper\">\n\t\t\t\t\t\t\t<a href=\"https:\/\/wa.me\/529982017401\" class=\"elementskit-btn  whitespace--normal\" id=\"\">\n\t\t\t\t\tBook your appointment now\t\t\t\t<\/a>\n\t\t\t\t\t<\/div>\n        <\/div>\t\t\t\t<\/div>\n\t\t\t\t<\/div>\n\t\t\t\t\t<\/div>\n\t\t<\/div>\n\t\t\t\t\t<\/div>\n\t\t<\/section>\n\t\t\t\t<section class=\"elementor-section elementor-top-section elementor-element elementor-element-85a97d8 elementor-section-boxed elementor-section-height-default elementor-section-height-default\" data-id=\"85a97d8\" data-element_type=\"section\" data-e-type=\"section\" data-settings=\"{&quot;background_background&quot;:&quot;classic&quot;}\">\n\t\t\t\t\t\t<div class=\"elementor-container elementor-column-gap-default\">\n\t\t\t\t\t<div class=\"elementor-column elementor-col-50 elementor-top-column elementor-element elementor-element-3f241f8a\" data-id=\"3f241f8a\" data-element_type=\"column\" data-e-type=\"column\">\n\t\t\t<div class=\"elementor-widget-wrap elementor-element-populated\">\n\t\t\t\t\t\t<div class=\"elementor-element elementor-element-3a39e739 animated-slow elementor-invisible elementor-widget elementor-widget-heading\" data-id=\"3a39e739\" data-element_type=\"widget\" data-e-type=\"widget\" data-settings=\"{&quot;_animation&quot;:&quot;fadeIn&quot;}\" data-widget_type=\"heading.default\">\n\t\t\t\t<div class=\"elementor-widget-container\">\n\t\t\t\t\t<h3 class=\"elementor-heading-title elementor-size-default\">Cataract surgeries in Cancun<\/h3>\t\t\t\t<\/div>\n\t\t\t\t<\/div>\n\t\t\t\t<div class=\"elementor-element elementor-element-7f98e4d0 elementor-invisible elementor-widget elementor-widget-text-editor\" data-id=\"7f98e4d0\" data-element_type=\"widget\" data-e-type=\"widget\" data-settings=\"{&quot;_animation&quot;:&quot;fadeIn&quot;}\" data-widget_type=\"text-editor.default\">\n\t\t\t\t<div class=\"elementor-widget-container\">\n\t\t\t\t\t\t\t\t\t<ul><li data-start=\"325\" data-end=\"475\"><strong data-start=\"328\" data-end=\"350\">Phacoemulsification<\/strong> (the most common)<br \/><ul data-start=\"371\" data-end=\"475\"><li data-start=\"371\" data-end=\"475\">Ultrasound is used to break down the cataract and then it is removed through a small incision.<\/li><\/ul><\/li><li data-start=\"476\" data-end=\"622\"><strong data-start=\"479\" data-end=\"507\">Extracapsular extraction<\/strong><br \/><ul data-start=\"513\" data-end=\"622\"><li data-start=\"513\" data-end=\"622\">A larger incision is made to remove the entire cataract, usually used in advanced cases.<\/li><\/ul><\/li><\/ul>\t\t\t\t\t\t\t\t<\/div>\n\t\t\t\t<\/div>\n\t\t\t\t<div class=\"elementor-element elementor-element-897abb6 elementor-align-center elementor-widget elementor-widget-elementskit-button\" data-id=\"897abb6\" data-element_type=\"widget\" data-e-type=\"widget\" data-widget_type=\"elementskit-button.default\">\n\t\t\t\t<div class=\"elementor-widget-container\">\n\t\t\t\t\t<div class=\"ekit-wid-con\" >\t\t<div class=\"ekit-btn-wraper\">\n\t\t\t\t\t\t\t<a href=\"https:\/\/wa.me\/529982017401\" class=\"elementskit-btn  whitespace--normal\" id=\"\">\n\t\t\t\t\tBook your appointment now\t\t\t\t<\/a>\n\t\t\t\t\t<\/div>\n        <\/div>\t\t\t\t<\/div>\n\t\t\t\t<\/div>\n\t\t\t\t\t<\/div>\n\t\t<\/div>\n\t\t\t\t<div class=\"elementor-column elementor-col-50 elementor-top-column elementor-element elementor-element-6aae46c4\" data-id=\"6aae46c4\" data-element_type=\"column\" data-e-type=\"column\">\n\t\t\t<div class=\"elementor-widget-wrap elementor-element-populated\">\n\t\t\t\t\t\t<div class=\"elementor-element elementor-element-f3ca4d8 elementor-widget elementor-widget-image\" data-id=\"f3ca4d8\" data-element_type=\"widget\" data-e-type=\"widget\" data-widget_type=\"image.default\">\n\t\t\t\t<div class=\"elementor-widget-container\">\n\t\t\t\t\t\t\t\t\t\t\t\t\t\t\t<img fetchpriority=\"high\" decoding=\"async\" width=\"2560\" height=\"2560\" src=\"https:\/\/enfoca.com.mx\/wp-content\/uploads\/2025\/03\/shutterstock-208744051-scaled.jpg\" class=\"attachment-full size-full wp-image-1233\" alt=\"Cirug\u00eda de cataras en Canc\u00fan\" srcset=\"https:\/\/enfoca.com.mx\/wp-content\/uploads\/2025\/03\/shutterstock-208744051-scaled.jpg 2560w, https:\/\/enfoca.com.mx\/wp-content\/uploads\/2025\/03\/shutterstock-208744051-300x300.jpg 300w, https:\/\/enfoca.com.mx\/wp-content\/uploads\/2025\/03\/shutterstock-208744051-1024x1024.jpg 1024w, https:\/\/enfoca.com.mx\/wp-content\/uploads\/2025\/03\/shutterstock-208744051-150x150.jpg 150w, https:\/\/enfoca.com.mx\/wp-content\/uploads\/2025\/03\/shutterstock-208744051-768x768.jpg 768w, https:\/\/enfoca.com.mx\/wp-content\/uploads\/2025\/03\/shutterstock-208744051-1536x1536.jpg 1536w, https:\/\/enfoca.com.mx\/wp-content\/uploads\/2025\/03\/shutterstock-208744051-2048x2048.jpg 2048w\" sizes=\"(max-width: 2560px) 100vw, 2560px\" \/>\t\t\t\t\t\t\t\t\t\t\t\t\t\t\t<\/div>\n\t\t\t\t<\/div>\n\t\t\t\t\t<\/div>\n\t\t<\/div>\n\t\t\t\t\t<\/div>\n\t\t<\/section>\n\t\t\t\t<\/div>","protected":false},"excerpt":{"rendered":"<p>\u00bfC\u00f3mo es la cirug\u00eda de catarata? Esta intervenci\u00f3n consiste en la extracci\u00f3n del cristalino envejecido para luego sustituirlo por una [&hellip;]<\/p>\n","protected":false},"author":1,"featured_media":1233,"parent":0,"menu_order":0,"comment_status":"closed","ping_status":"closed","template":"","meta":{"site-sidebar-layout":"no-sidebar","site-content-layout":"","ast-site-content-layout":"full-width-container","site-content-style":"default","site-sidebar-style":"default","ast-global-header-display":"","ast-banner-title-visibility":"","ast-main-header-display":"","ast-hfb-above-header-display":"","ast-hfb-below-header-display":"","ast-hfb-mobile-header-display":"","site-post-title":"disabled","ast-breadcrumbs-content":"","ast-featured-img":"disabled","footer-sml-layout":"","ast-disable-related-posts":"","theme-transparent-header-meta":"","adv-header-id-meta":"","stick-header-meta":"","header-above-stick-meta":"","header-main-stick-meta":"","header-below-stick-meta":"","astra-migrate-meta-layouts":"default","ast-page-background-enabled":"default","ast-page-background-meta":{"desktop":{"background-color":"var(--ast-global-color-5)","background-image":"","background-repeat":"repeat","background-position":"center center","background-size":"auto","background-attachment":"scroll","background-type":"","background-media":"","overlay-type":"","overlay-color":"","overlay-opacity":"","overlay-gradient":""},"tablet":{"background-color":"","background-image":"","background-repeat":"repeat","background-position":"center center","background-size":"auto","background-attachment":"scroll","background-type":"","background-media":"","overlay-type":"","overlay-color":"","overlay-opacity":"","overlay-gradient":""},"mobile":{"background-color":"","background-image":"","background-repeat":"repeat","background-position":"center center","background-size":"auto","background-attachment":"scroll","background-type":"","background-media":"","overlay-type":"","overlay-color":"","overlay-opacity":"","overlay-gradient":""}},"ast-content-background-meta":{"desktop":{"background-color":"var(--ast-global-color-4)","background-image":"","background-repeat":"repeat","background-position":"center center","background-size":"auto","background-attachment":"scroll","background-type":"","background-media":"","overlay-type":"","overlay-color":"","overlay-opacity":"","overlay-gradient":""},"tablet":{"background-color":"var(--ast-global-color-4)","background-image":"","background-repeat":"repeat","background-position":"center center","background-size":"auto","background-attachment":"scroll","background-type":"","background-media":"","overlay-type":"","overlay-color":"","overlay-opacity":"","overlay-gradient":""},"mobile":{"background-color":"var(--ast-global-color-4)","background-image":"","background-repeat":"repeat","background-position":"center center","background-size":"auto","background-attachment":"scroll","background-type":"","background-media":"","overlay-type":"","overlay-color":"","overlay-opacity":"","overlay-gradient":""}},"footnotes":""},"class_list":["post-380","page","type-page","status-publish","has-post-thumbnail","hentry"],"yoast_head":"<!-- This site is optimized with the Yoast SEO plugin v27.3 - https:\/\/yoast.com\/product\/yoast-seo-wordpress\/ -->\n<title>Cirug\u00eda de Cataratas en Canc\u00fan | ENFOCA Dr. Mario Riquelme<\/title>\n<meta name=\"description\" content=\"Se trata de una operaci\u00f3n ocular sencilla, que no suele requerir m\u00e1s de 10 minutos de intervenci\u00f3n. Agenda tu cirug\u00eda de catarata en Canc\u00fan\" \/>\n<meta name=\"robots\" content=\"index, follow, max-snippet:-1, max-image-preview:large, max-video-preview:-1\" \/>\n<link rel=\"canonical\" href=\"https:\/\/enfoca.com.mx\/eng\/cirugia-de-catarata\/\" \/>\n<meta property=\"og:locale\" content=\"en_US\" \/>\n<meta property=\"og:type\" content=\"article\" \/>\n<meta property=\"og:title\" content=\"Cirug\u00eda de Cataratas en Canc\u00fan | ENFOCA Dr. Mario Riquelme\" \/>\n<meta property=\"og:description\" content=\"Se trata de una operaci\u00f3n ocular sencilla, que no suele requerir m\u00e1s de 10 minutos de intervenci\u00f3n. Agenda tu cirug\u00eda de catarata en Canc\u00fan\" \/>\n<meta property=\"og:url\" content=\"https:\/\/enfoca.com.mx\/eng\/cirugia-de-catarata\/\" \/>\n<meta property=\"og:site_name\" content=\"ENFOCA\" \/>\n<meta property=\"article:modified_time\" content=\"2026-04-10T22:21:27+00:00\" \/>\n<meta property=\"og:image\" content=\"https:\/\/enfoca.com.mx\/wp-content\/uploads\/2025\/03\/shutterstock-208744051-scaled.jpg\" \/>\n\t<meta property=\"og:image:width\" content=\"2560\" \/>\n\t<meta property=\"og:image:height\" content=\"2560\" \/>\n\t<meta property=\"og:image:type\" content=\"image\/jpeg\" \/>\n<meta name=\"twitter:card\" content=\"summary_large_image\" \/>\n<meta name=\"twitter:label1\" content=\"Est. reading time\" \/>\n\t<meta name=\"twitter:data1\" content=\"1 minute\" \/>\n<script type=\"application\/ld+json\" class=\"yoast-schema-graph\">{\"@context\":\"https:\\\/\\\/schema.org\",\"@graph\":[{\"@type\":\"WebPage\",\"@id\":\"https:\\\/\\\/enfoca.com.mx\\\/cirugia-de-catarata\\\/\",\"url\":\"https:\\\/\\\/enfoca.com.mx\\\/cirugia-de-catarata\\\/\",\"name\":\"Cirug\u00eda de Cataratas en Canc\u00fan | ENFOCA Dr. Mario Riquelme\",\"isPartOf\":{\"@id\":\"https:\\\/\\\/enfoca.com.mx\\\/#website\"},\"primaryImageOfPage\":{\"@id\":\"https:\\\/\\\/enfoca.com.mx\\\/cirugia-de-catarata\\\/#primaryimage\"},\"image\":{\"@id\":\"https:\\\/\\\/enfoca.com.mx\\\/cirugia-de-catarata\\\/#primaryimage\"},\"thumbnailUrl\":\"https:\\\/\\\/enfoca.com.mx\\\/wp-content\\\/uploads\\\/2025\\\/03\\\/shutterstock-208744051-scaled.jpg\",\"datePublished\":\"2025-01-09T18:45:11+00:00\",\"dateModified\":\"2026-04-10T22:21:27+00:00\",\"description\":\"Se trata de una operaci\u00f3n ocular sencilla, que no suele requerir m\u00e1s de 10 minutos de intervenci\u00f3n. Agenda tu cirug\u00eda de catarata en Canc\u00fan\",\"breadcrumb\":{\"@id\":\"https:\\\/\\\/enfoca.com.mx\\\/cirugia-de-catarata\\\/#breadcrumb\"},\"inLanguage\":\"en-US\",\"potentialAction\":[{\"@type\":\"ReadAction\",\"target\":[\"https:\\\/\\\/enfoca.com.mx\\\/cirugia-de-catarata\\\/\"]}]},{\"@type\":\"ImageObject\",\"inLanguage\":\"en-US\",\"@id\":\"https:\\\/\\\/enfoca.com.mx\\\/cirugia-de-catarata\\\/#primaryimage\",\"url\":\"https:\\\/\\\/enfoca.com.mx\\\/wp-content\\\/uploads\\\/2025\\\/03\\\/shutterstock-208744051-scaled.jpg\",\"contentUrl\":\"https:\\\/\\\/enfoca.com.mx\\\/wp-content\\\/uploads\\\/2025\\\/03\\\/shutterstock-208744051-scaled.jpg\",\"width\":2560,\"height\":2560,\"caption\":\"Cirug\u00eda de cataras en Canc\u00fan\"},{\"@type\":\"BreadcrumbList\",\"@id\":\"https:\\\/\\\/enfoca.com.mx\\\/cirugia-de-catarata\\\/#breadcrumb\",\"itemListElement\":[{\"@type\":\"ListItem\",\"position\":1,\"name\":\"Home\",\"item\":\"https:\\\/\\\/enfoca.com.mx\\\/\"},{\"@type\":\"ListItem\",\"position\":2,\"name\":\"Cirug\u00eda de cataratas\"}]},{\"@type\":\"WebSite\",\"@id\":\"https:\\\/\\\/enfoca.com.mx\\\/#website\",\"url\":\"https:\\\/\\\/enfoca.com.mx\\\/\",\"name\":\"ENFOCA\",\"description\":\"\",\"potentialAction\":[{\"@type\":\"SearchAction\",\"target\":{\"@type\":\"EntryPoint\",\"urlTemplate\":\"https:\\\/\\\/enfoca.com.mx\\\/?s={search_term_string}\"},\"query-input\":{\"@type\":\"PropertyValueSpecification\",\"valueRequired\":true,\"valueName\":\"search_term_string\"}}],\"inLanguage\":\"en-US\"}]}<\/script>\n<!-- \/ Yoast SEO plugin. -->","yoast_head_json":{"title":"Cirug\u00eda de Cataratas en Canc\u00fan | ENFOCA Dr. Mario Riquelme","description":"Se trata de una operaci\u00f3n ocular sencilla, que no suele requerir m\u00e1s de 10 minutos de intervenci\u00f3n. Agenda tu cirug\u00eda de catarata en Canc\u00fan","robots":{"index":"index","follow":"follow","max-snippet":"max-snippet:-1","max-image-preview":"max-image-preview:large","max-video-preview":"max-video-preview:-1"},"canonical":"https:\/\/enfoca.com.mx\/eng\/cirugia-de-catarata\/","og_locale":"en_US","og_type":"article","og_title":"Cirug\u00eda de Cataratas en Canc\u00fan | ENFOCA Dr. Mario Riquelme","og_description":"Se trata de una operaci\u00f3n ocular sencilla, que no suele requerir m\u00e1s de 10 minutos de intervenci\u00f3n. Agenda tu cirug\u00eda de catarata en Canc\u00fan","og_url":"https:\/\/enfoca.com.mx\/eng\/cirugia-de-catarata\/","og_site_name":"ENFOCA","article_modified_time":"2026-04-10T22:21:27+00:00","og_image":[{"width":2560,"height":2560,"url":"https:\/\/enfoca.com.mx\/wp-content\/uploads\/2025\/03\/shutterstock-208744051-scaled.jpg","type":"image\/jpeg"}],"twitter_card":"summary_large_image","twitter_misc":{"Est. reading time":"1 minute"},"schema":{"@context":"https:\/\/schema.org","@graph":[{"@type":"WebPage","@id":"https:\/\/enfoca.com.mx\/cirugia-de-catarata\/","url":"https:\/\/enfoca.com.mx\/cirugia-de-catarata\/","name":"Cirug\u00eda de Cataratas en Canc\u00fan | ENFOCA Dr. Mario Riquelme","isPartOf":{"@id":"https:\/\/enfoca.com.mx\/#website"},"primaryImageOfPage":{"@id":"https:\/\/enfoca.com.mx\/cirugia-de-catarata\/#primaryimage"},"image":{"@id":"https:\/\/enfoca.com.mx\/cirugia-de-catarata\/#primaryimage"},"thumbnailUrl":"https:\/\/enfoca.com.mx\/wp-content\/uploads\/2025\/03\/shutterstock-208744051-scaled.jpg","datePublished":"2025-01-09T18:45:11+00:00","dateModified":"2026-04-10T22:21:27+00:00","description":"Se trata de una operaci\u00f3n ocular sencilla, que no suele requerir m\u00e1s de 10 minutos de intervenci\u00f3n. Agenda tu cirug\u00eda de catarata en Canc\u00fan","breadcrumb":{"@id":"https:\/\/enfoca.com.mx\/cirugia-de-catarata\/#breadcrumb"},"inLanguage":"en-US","potentialAction":[{"@type":"ReadAction","target":["https:\/\/enfoca.com.mx\/cirugia-de-catarata\/"]}]},{"@type":"ImageObject","inLanguage":"en-US","@id":"https:\/\/enfoca.com.mx\/cirugia-de-catarata\/#primaryimage","url":"https:\/\/enfoca.com.mx\/wp-content\/uploads\/2025\/03\/shutterstock-208744051-scaled.jpg","contentUrl":"https:\/\/enfoca.com.mx\/wp-content\/uploads\/2025\/03\/shutterstock-208744051-scaled.jpg","width":2560,"height":2560,"caption":"Cirug\u00eda de cataras en Canc\u00fan"},{"@type":"BreadcrumbList","@id":"https:\/\/enfoca.com.mx\/cirugia-de-catarata\/#breadcrumb","itemListElement":[{"@type":"ListItem","position":1,"name":"Home","item":"https:\/\/enfoca.com.mx\/"},{"@type":"ListItem","position":2,"name":"Cirug\u00eda de cataratas"}]},{"@type":"WebSite","@id":"https:\/\/enfoca.com.mx\/#website","url":"https:\/\/enfoca.com.mx\/","name":"ENFOCA","description":"","potentialAction":[{"@type":"SearchAction","target":{"@type":"EntryPoint","urlTemplate":"https:\/\/enfoca.com.mx\/?s={search_term_string}"},"query-input":{"@type":"PropertyValueSpecification","valueRequired":true,"valueName":"search_term_string"}}],"inLanguage":"en-US"}]}},"_links":{"self":[{"href":"https:\/\/enfoca.com.mx\/eng\/wp-json\/wp\/v2\/pages\/380","targetHints":{"allow":["GET"]}}],"collection":[{"href":"https:\/\/enfoca.com.mx\/eng\/wp-json\/wp\/v2\/pages"}],"about":[{"href":"https:\/\/enfoca.com.mx\/eng\/wp-json\/wp\/v2\/types\/page"}],"author":[{"embeddable":true,"href":"https:\/\/enfoca.com.mx\/eng\/wp-json\/wp\/v2\/users\/1"}],"replies":[{"embeddable":true,"href":"https:\/\/enfoca.com.mx\/eng\/wp-json\/wp\/v2\/comments?post=380"}],"version-history":[{"count":19,"href":"https:\/\/enfoca.com.mx\/eng\/wp-json\/wp\/v2\/pages\/380\/revisions"}],"predecessor-version":[{"id":2138,"href":"https:\/\/enfoca.com.mx\/eng\/wp-json\/wp\/v2\/pages\/380\/revisions\/2138"}],"wp:featuredmedia":[{"embeddable":true,"href":"https:\/\/enfoca.com.mx\/eng\/wp-json\/wp\/v2\/media\/1233"}],"wp:attachment":[{"href":"https:\/\/enfoca.com.mx\/eng\/wp-json\/wp\/v2\/media?parent=380"}],"curies":[{"name":"wp","href":"https:\/\/api.w.org\/{rel}","templated":true}]}}