{"id":446,"date":"2025-01-10T16:18:39","date_gmt":"2025-01-10T16:18:39","guid":{"rendered":"https:\/\/enfoca.com.mx\/?page_id=446"},"modified":"2025-05-09T17:16:17","modified_gmt":"2025-05-09T17:16:17","slug":"optica-en-cancun","status":"publish","type":"page","link":"https:\/\/enfoca.com.mx\/eng\/optica-en-cancun\/","title":{"rendered":"optica"},"content":{"rendered":"<div data-elementor-type=\"wp-page\" data-elementor-id=\"446\" class=\"elementor elementor-446\" data-elementor-post-type=\"page\">\n\t\t\t\t\t\t<section class=\"elementor-section elementor-top-section elementor-element elementor-element-436271a elementor-section-content-middle elementor-section-boxed elementor-section-height-default elementor-section-height-default\" data-id=\"436271a\" data-element_type=\"section\" data-e-type=\"section\" data-settings=\"{&quot;background_background&quot;:&quot;classic&quot;}\">\n\t\t\t\t\t\t\t<div class=\"elementor-background-overlay\"><\/div>\n\t\t\t\t\t\t\t<div class=\"elementor-container elementor-column-gap-wide\">\n\t\t\t\t\t<div class=\"elementor-column elementor-col-100 elementor-top-column elementor-element elementor-element-61b8eb9\" data-id=\"61b8eb9\" data-element_type=\"column\" data-e-type=\"column\">\n\t\t\t<div class=\"elementor-widget-wrap elementor-element-populated\">\n\t\t\t\t\t\t<div class=\"elementor-element elementor-element-7f9b74b elementor-invisible elementor-widget elementor-widget-heading\" data-id=\"7f9b74b\" data-element_type=\"widget\" data-e-type=\"widget\" data-settings=\"{&quot;_animation&quot;:&quot;fadeIn&quot;,&quot;_animation_delay&quot;:100}\" data-widget_type=\"heading.default\">\n\t\t\t\t<div class=\"elementor-widget-container\">\n\t\t\t\t\t<h1 class=\"elementor-heading-title elementor-size-default\">Optics in Cancun<\/h1>\t\t\t\t<\/div>\n\t\t\t\t<\/div>\n\t\t\t\t\t<\/div>\n\t\t<\/div>\n\t\t\t\t\t<\/div>\n\t\t<\/section>\n\t\t\t\t<section class=\"elementor-section elementor-top-section elementor-element elementor-element-c8741ac elementor-section-content-middle elementor-section-boxed elementor-section-height-default elementor-section-height-default\" data-id=\"c8741ac\" data-element_type=\"section\" data-e-type=\"section\" data-settings=\"{&quot;background_background&quot;:&quot;classic&quot;}\">\n\t\t\t\t\t\t\t<div class=\"elementor-background-overlay\"><\/div>\n\t\t\t\t\t\t\t<div class=\"elementor-container elementor-column-gap-wide\">\n\t\t\t\t\t<div class=\"elementor-column elementor-col-100 elementor-top-column elementor-element elementor-element-c3edaf0 elementor-invisible\" data-id=\"c3edaf0\" data-element_type=\"column\" data-e-type=\"column\" data-settings=\"{&quot;animation&quot;:&quot;fadeIn&quot;,&quot;animation_delay&quot;:100}\">\n\t\t\t<div class=\"elementor-widget-wrap elementor-element-populated\">\n\t\t\t\t\t\t<div class=\"elementor-element elementor-element-fd945fe elementor-widget elementor-widget-image\" data-id=\"fd945fe\" data-element_type=\"widget\" data-e-type=\"widget\" data-widget_type=\"image.default\">\n\t\t\t\t<div class=\"elementor-widget-container\">\n\t\t\t\t\t\t\t\t\t\t\t\t\t\t\t<img fetchpriority=\"high\" decoding=\"async\" width=\"1024\" height=\"678\" src=\"https:\/\/enfoca.com.mx\/wp-content\/uploads\/2025\/02\/DEL_5522-1024x678.jpg\" class=\"attachment-large size-large wp-image-931\" alt=\"\u00d3ptica en Canc\u00fan\" srcset=\"https:\/\/enfoca.com.mx\/wp-content\/uploads\/2025\/02\/DEL_5522-1024x678.jpg 1024w, https:\/\/enfoca.com.mx\/wp-content\/uploads\/2025\/02\/DEL_5522-300x199.jpg 300w, https:\/\/enfoca.com.mx\/wp-content\/uploads\/2025\/02\/DEL_5522-768x509.jpg 768w, https:\/\/enfoca.com.mx\/wp-content\/uploads\/2025\/02\/DEL_5522-1536x1017.jpg 1536w, https:\/\/enfoca.com.mx\/wp-content\/uploads\/2025\/02\/DEL_5522-2048x1356.jpg 2048w\" sizes=\"(max-width: 1024px) 100vw, 1024px\" \/>\t\t\t\t\t\t\t\t\t\t\t\t\t\t\t<\/div>\n\t\t\t\t<\/div>\n\t\t\t\t\t<\/div>\n\t\t<\/div>\n\t\t\t\t<div class=\"elementor-column elementor-col-100 elementor-top-column elementor-element elementor-element-2a22382\" data-id=\"2a22382\" data-element_type=\"column\" data-e-type=\"column\">\n\t\t\t<div class=\"elementor-widget-wrap elementor-element-populated\">\n\t\t\t\t\t\t<div class=\"elementor-element elementor-element-f011764 elementor-invisible elementor-widget elementor-widget-heading\" data-id=\"f011764\" data-element_type=\"widget\" data-e-type=\"widget\" data-settings=\"{&quot;_animation&quot;:&quot;fadeIn&quot;,&quot;_animation_delay&quot;:100}\" data-widget_type=\"heading.default\">\n\t\t\t\t<div class=\"elementor-widget-container\">\n\t\t\t\t\t<h2 class=\"elementor-heading-title elementor-size-default\">Measuring graduation<\/h2>\t\t\t\t<\/div>\n\t\t\t\t<\/div>\n\t\t\t\t<div class=\"elementor-element elementor-element-9f3cf08 elementor-invisible elementor-widget elementor-widget-heading\" data-id=\"9f3cf08\" data-element_type=\"widget\" data-e-type=\"widget\" data-settings=\"{&quot;_animation&quot;:&quot;fadeIn&quot;,&quot;_animation_delay&quot;:150}\" data-widget_type=\"heading.default\">\n\t\t\t\t<div class=\"elementor-widget-container\">\n\t\t\t\t\t<h2 class=\"elementor-heading-title elementor-size-default\">Eye prescription allows us to determine a person's vision quality, that is, their ability to perceive details at close, medium, or long distances. The diopter is the unit of measurement used in optics to designate the refractive capacity of a lens. It determines a person's ability to correct blurred vision.<\/h2>\t\t\t\t<\/div>\n\t\t\t\t<\/div>\n\t\t\t\t<section class=\"elementor-section elementor-inner-section elementor-element elementor-element-9c7a1be elementor-section-boxed elementor-section-height-default elementor-section-height-default elementor-invisible\" data-id=\"9c7a1be\" data-element_type=\"section\" data-e-type=\"section\" data-settings=\"{&quot;animation&quot;:&quot;fadeIn&quot;,&quot;animation_delay&quot;:20}\">\n\t\t\t\t\t\t<div class=\"elementor-container elementor-column-gap-no\">\n\t\t\t\t\t<div class=\"elementor-column elementor-col-100 elementor-inner-column elementor-element elementor-element-7f6ceaf\" data-id=\"7f6ceaf\" data-element_type=\"column\" data-e-type=\"column\">\n\t\t\t<div class=\"elementor-widget-wrap elementor-element-populated\">\n\t\t\t\t\t\t<div class=\"elementor-element elementor-element-0495d5c elementor-align-center elementor-widget elementor-widget-elementskit-button\" data-id=\"0495d5c\" data-element_type=\"widget\" data-e-type=\"widget\" data-widget_type=\"elementskit-button.default\">\n\t\t\t\t<div class=\"elementor-widget-container\">\n\t\t\t\t\t<div class=\"ekit-wid-con\" >\t\t<div class=\"ekit-btn-wraper\">\n\t\t\t\t\t\t\t<a href=\"https:\/\/wa.me\/529982017401\" class=\"elementskit-btn  whitespace--normal\" id=\"\">\n\t\t\t\t\tBook your appointment now\t\t\t\t<\/a>\n\t\t\t\t\t<\/div>\n        <\/div>\t\t\t\t<\/div>\n\t\t\t\t<\/div>\n\t\t\t\t\t<\/div>\n\t\t<\/div>\n\t\t\t\t\t<\/div>\n\t\t<\/section>\n\t\t\t\t\t<\/div>\n\t\t<\/div>\n\t\t\t\t\t<\/div>\n\t\t<\/section>\n\t\t\t\t<section class=\"elementor-section elementor-top-section elementor-element elementor-element-b5bbee0 elementor-section-height-min-height elementor-section-boxed elementor-section-height-default elementor-section-items-middle\" data-id=\"b5bbee0\" data-element_type=\"section\" data-e-type=\"section\" data-settings=\"{&quot;background_background&quot;:&quot;classic&quot;}\">\n\t\t\t\t\t\t\t<div class=\"elementor-background-overlay\"><\/div>\n\t\t\t\t\t\t\t<div class=\"elementor-container elementor-column-gap-default\">\n\t\t\t\t\t<div class=\"elementor-column elementor-col-100 elementor-top-column elementor-element elementor-element-58b33eb\" data-id=\"58b33eb\" data-element_type=\"column\" data-e-type=\"column\">\n\t\t\t<div class=\"elementor-widget-wrap elementor-element-populated\">\n\t\t\t\t\t\t<div class=\"elementor-element elementor-element-a212f89 elementor-widget__width-inherit elementor-widget elementor-widget-heading\" data-id=\"a212f89\" data-element_type=\"widget\" data-e-type=\"widget\" data-widget_type=\"heading.default\">\n\t\t\t\t<div class=\"elementor-widget-container\">\n\t\t\t\t\t<h3 class=\"elementor-heading-title elementor-size-default\">Seeing the world clearly is not just a privilege, it is a new way of living.<\/h3>\t\t\t\t<\/div>\n\t\t\t\t<\/div>\n\t\t\t\t<div class=\"elementor-element elementor-element-e76de03 elementor-align-center elementor-widget elementor-widget-elementskit-button\" data-id=\"e76de03\" data-element_type=\"widget\" data-e-type=\"widget\" data-widget_type=\"elementskit-button.default\">\n\t\t\t\t<div class=\"elementor-widget-container\">\n\t\t\t\t\t<div class=\"ekit-wid-con\" >\t\t<div class=\"ekit-btn-wraper\">\n\t\t\t\t\t\t\t<a href=\"https:\/\/wa.me\/529982017401\" class=\"elementskit-btn  whitespace--normal\" id=\"\">\n\t\t\t\t\tBook your appointment now\t\t\t\t<\/a>\n\t\t\t\t\t<\/div>\n        <\/div>\t\t\t\t<\/div>\n\t\t\t\t<\/div>\n\t\t\t\t\t<\/div>\n\t\t<\/div>\n\t\t\t\t\t<\/div>\n\t\t<\/section>\n\t\t\t\t<section class=\"elementor-section elementor-top-section elementor-element elementor-element-08c5cbf elementor-section-content-middle elementor-section-boxed elementor-section-height-default elementor-section-height-default\" data-id=\"08c5cbf\" data-element_type=\"section\" data-e-type=\"section\" data-settings=\"{&quot;background_background&quot;:&quot;classic&quot;}\">\n\t\t\t\t\t\t\t<div class=\"elementor-background-overlay\"><\/div>\n\t\t\t\t\t\t\t<div class=\"elementor-container elementor-column-gap-wide\">\n\t\t\t\t\t<div class=\"elementor-column elementor-col-100 elementor-top-column elementor-element elementor-element-be9fb3e\" data-id=\"be9fb3e\" data-element_type=\"column\" data-e-type=\"column\">\n\t\t\t<div class=\"elementor-widget-wrap elementor-element-populated\">\n\t\t\t\t\t\t<div class=\"elementor-element elementor-element-eecbe54 animated-slow elementor-invisible elementor-widget elementor-widget-heading\" data-id=\"eecbe54\" data-element_type=\"widget\" data-e-type=\"widget\" data-settings=\"{&quot;_animation&quot;:&quot;fadeIn&quot;}\" data-widget_type=\"heading.default\">\n\t\t\t\t<div class=\"elementor-widget-container\">\n\t\t\t\t\t<h2 class=\"elementor-heading-title elementor-size-default\">The right frame<\/h2>\t\t\t\t<\/div>\n\t\t\t\t<\/div>\n\t\t\t\t<div class=\"elementor-element elementor-element-e447676 elementor-invisible elementor-widget elementor-widget-heading\" data-id=\"e447676\" data-element_type=\"widget\" data-e-type=\"widget\" data-settings=\"{&quot;_animation&quot;:&quot;fadeIn&quot;,&quot;_animation_delay&quot;:150}\" data-widget_type=\"heading.default\">\n\t\t\t\t<div class=\"elementor-widget-container\">\n\t\t\t\t\t<h4 class=\"elementor-heading-title elementor-size-default\">The type of lenses you should use, the shape, and dimensions of the frames all influence how you choose glasses that make you feel comfortable and allow you to see well. Likewise, the right fit depends on your lifestyle and activities.<\/h4>\t\t\t\t<\/div>\n\t\t\t\t<\/div>\n\t\t\t\t<section class=\"elementor-section elementor-inner-section elementor-element elementor-element-647e54d elementor-section-boxed elementor-section-height-default elementor-section-height-default elementor-invisible\" data-id=\"647e54d\" data-element_type=\"section\" data-e-type=\"section\" data-settings=\"{&quot;animation&quot;:&quot;fadeIn&quot;,&quot;animation_delay&quot;:20}\">\n\t\t\t\t\t\t<div class=\"elementor-container elementor-column-gap-no\">\n\t\t\t\t\t<div class=\"elementor-column elementor-col-100 elementor-inner-column elementor-element elementor-element-34539f6\" data-id=\"34539f6\" data-element_type=\"column\" data-e-type=\"column\">\n\t\t\t<div class=\"elementor-widget-wrap elementor-element-populated\">\n\t\t\t\t\t\t<div class=\"elementor-element elementor-element-043444a elementor-align-center elementor-widget elementor-widget-elementskit-button\" data-id=\"043444a\" data-element_type=\"widget\" data-e-type=\"widget\" data-widget_type=\"elementskit-button.default\">\n\t\t\t\t<div class=\"elementor-widget-container\">\n\t\t\t\t\t<div class=\"ekit-wid-con\" >\t\t<div class=\"ekit-btn-wraper\">\n\t\t\t\t\t\t\t<a href=\"https:\/\/wa.me\/529982017401\" class=\"elementskit-btn  whitespace--normal\" id=\"\">\n\t\t\t\t\tBook your appointment now\t\t\t\t<\/a>\n\t\t\t\t\t<\/div>\n        <\/div>\t\t\t\t<\/div>\n\t\t\t\t<\/div>\n\t\t\t\t\t<\/div>\n\t\t<\/div>\n\t\t\t\t\t<\/div>\n\t\t<\/section>\n\t\t\t\t\t<\/div>\n\t\t<\/div>\n\t\t\t\t<div class=\"elementor-column elementor-col-100 elementor-top-column elementor-element elementor-element-bc2cec6 elementor-invisible\" data-id=\"bc2cec6\" data-element_type=\"column\" data-e-type=\"column\" data-settings=\"{&quot;animation&quot;:&quot;fadeIn&quot;,&quot;animation_delay&quot;:100}\">\n\t\t\t<div class=\"elementor-widget-wrap elementor-element-populated\">\n\t\t\t\t\t\t<div class=\"elementor-element elementor-element-82edc17 elementor-widget elementor-widget-image\" data-id=\"82edc17\" data-element_type=\"widget\" data-e-type=\"widget\" data-widget_type=\"image.default\">\n\t\t\t\t<div class=\"elementor-widget-container\">\n\t\t\t\t\t\t\t\t\t\t\t\t\t\t\t<img decoding=\"async\" width=\"800\" height=\"800\" src=\"https:\/\/enfoca.com.mx\/wp-content\/uploads\/2025\/01\/404ab0a1dccb6853b00d8ff8d27d4754.jpg\" class=\"attachment-large size-large wp-image-454\" alt=\"\" srcset=\"https:\/\/enfoca.com.mx\/wp-content\/uploads\/2025\/01\/404ab0a1dccb6853b00d8ff8d27d4754.jpg 800w, https:\/\/enfoca.com.mx\/wp-content\/uploads\/2025\/01\/404ab0a1dccb6853b00d8ff8d27d4754-300x300.jpg 300w, https:\/\/enfoca.com.mx\/wp-content\/uploads\/2025\/01\/404ab0a1dccb6853b00d8ff8d27d4754-150x150.jpg 150w, https:\/\/enfoca.com.mx\/wp-content\/uploads\/2025\/01\/404ab0a1dccb6853b00d8ff8d27d4754-768x768.jpg 768w\" sizes=\"(max-width: 800px) 100vw, 800px\" \/>\t\t\t\t\t\t\t\t\t\t\t\t\t\t\t<\/div>\n\t\t\t\t<\/div>\n\t\t\t\t\t<\/div>\n\t\t<\/div>\n\t\t\t\t\t<\/div>\n\t\t<\/section>\n\t\t\t\t<\/div>","protected":false},"excerpt":{"rendered":"<p>\u00d3ptica en Canc\u00fan Medici\u00f3n de la graduaci\u00f3n La graduaci\u00f3n visual permite conocer la calidad de visi\u00f3n de una persona, es [&hellip;]<\/p>\n","protected":false},"author":1,"featured_media":931,"parent":0,"menu_order":0,"comment_status":"closed","ping_status":"closed","template":"","meta":{"site-sidebar-layout":"no-sidebar","site-content-layout":"","ast-site-content-layout":"full-width-container","site-content-style":"default","site-sidebar-style":"default","ast-global-header-display":"","ast-banner-title-visibility":"","ast-main-header-display":"","ast-hfb-above-header-display":"","ast-hfb-below-header-display":"","ast-hfb-mobile-header-display":"","site-post-title":"disabled","ast-breadcrumbs-content":"","ast-featured-img":"disabled","footer-sml-layout":"","ast-disable-related-posts":"","theme-transparent-header-meta":"","adv-header-id-meta":"","stick-header-meta":"","header-above-stick-meta":"","header-main-stick-meta":"","header-below-stick-meta":"","astra-migrate-meta-layouts":"default","ast-page-background-enabled":"default","ast-page-background-meta":{"desktop":{"background-color":"var(--ast-global-color-5)","background-image":"","background-repeat":"repeat","background-position":"center center","background-size":"auto","background-attachment":"scroll","background-type":"","background-media":"","overlay-type":"","overlay-color":"","overlay-opacity":"","overlay-gradient":""},"tablet":{"background-color":"","background-image":"","background-repeat":"repeat","background-position":"center center","background-size":"auto","background-attachment":"scroll","background-type":"","background-media":"","overlay-type":"","overlay-color":"","overlay-opacity":"","overlay-gradient":""},"mobile":{"background-color":"","background-image":"","background-repeat":"repeat","background-position":"center center","background-size":"auto","background-attachment":"scroll","background-type":"","background-media":"","overlay-type":"","overlay-color":"","overlay-opacity":"","overlay-gradient":""}},"ast-content-background-meta":{"desktop":{"background-color":"var(--ast-global-color-4)","background-image":"","background-repeat":"repeat","background-position":"center center","background-size":"auto","background-attachment":"scroll","background-type":"","background-media":"","overlay-type":"","overlay-color":"","overlay-opacity":"","overlay-gradient":""},"tablet":{"background-color":"var(--ast-global-color-4)","background-image":"","background-repeat":"repeat","background-position":"center center","background-size":"auto","background-attachment":"scroll","background-type":"","background-media":"","overlay-type":"","overlay-color":"","overlay-opacity":"","overlay-gradient":""},"mobile":{"background-color":"var(--ast-global-color-4)","background-image":"","background-repeat":"repeat","background-position":"center center","background-size":"auto","background-attachment":"scroll","background-type":"","background-media":"","overlay-type":"","overlay-color":"","overlay-opacity":"","overlay-gradient":""}},"footnotes":""},"class_list":["post-446","page","type-page","status-publish","has-post-thumbnail","hentry"],"yoast_head":"<!-- This site is optimized with the Yoast SEO plugin v27.3 - https:\/\/yoast.com\/product\/yoast-seo-wordpress\/ -->\n<title>\u00d3ptica en Canc\u00fan | ENFOCA<\/title>\n<meta name=\"description\" content=\"Nuestro compromiso es encontrar el armaz\u00f3n, mica y forma perfecta para tus lentes. Agenda tu cita en nuestra \u00f3ptica en Canc\u00fan\" \/>\n<meta name=\"robots\" content=\"index, follow, max-snippet:-1, max-image-preview:large, max-video-preview:-1\" \/>\n<link rel=\"canonical\" href=\"https:\/\/enfoca.com.mx\/eng\/optica-en-cancun\/\" \/>\n<meta property=\"og:locale\" content=\"en_US\" \/>\n<meta property=\"og:type\" content=\"article\" \/>\n<meta property=\"og:title\" content=\"\u00d3ptica en Canc\u00fan | ENFOCA\" \/>\n<meta property=\"og:description\" content=\"Nuestro compromiso es encontrar el armaz\u00f3n, mica y forma perfecta para tus lentes. Agenda tu cita en nuestra \u00f3ptica en Canc\u00fan\" \/>\n<meta property=\"og:url\" content=\"https:\/\/enfoca.com.mx\/eng\/optica-en-cancun\/\" \/>\n<meta property=\"og:site_name\" content=\"ENFOCA\" \/>\n<meta property=\"article:modified_time\" content=\"2025-05-09T17:16:17+00:00\" \/>\n<meta property=\"og:image\" content=\"https:\/\/enfoca.com.mx\/wp-content\/uploads\/2025\/02\/DEL_5522-scaled.jpg\" \/>\n\t<meta property=\"og:image:width\" content=\"2560\" \/>\n\t<meta property=\"og:image:height\" content=\"1696\" \/>\n\t<meta property=\"og:image:type\" content=\"image\/jpeg\" \/>\n<meta name=\"twitter:card\" content=\"summary_large_image\" \/>\n<meta name=\"twitter:label1\" content=\"Est. reading time\" \/>\n\t<meta name=\"twitter:data1\" content=\"2 minutes\" \/>\n<script type=\"application\/ld+json\" class=\"yoast-schema-graph\">{\"@context\":\"https:\\\/\\\/schema.org\",\"@graph\":[{\"@type\":\"WebPage\",\"@id\":\"https:\\\/\\\/enfoca.com.mx\\\/optica-en-cancun\\\/\",\"url\":\"https:\\\/\\\/enfoca.com.mx\\\/optica-en-cancun\\\/\",\"name\":\"\u00d3ptica en Canc\u00fan | ENFOCA\",\"isPartOf\":{\"@id\":\"https:\\\/\\\/enfoca.com.mx\\\/#website\"},\"primaryImageOfPage\":{\"@id\":\"https:\\\/\\\/enfoca.com.mx\\\/optica-en-cancun\\\/#primaryimage\"},\"image\":{\"@id\":\"https:\\\/\\\/enfoca.com.mx\\\/optica-en-cancun\\\/#primaryimage\"},\"thumbnailUrl\":\"https:\\\/\\\/enfoca.com.mx\\\/wp-content\\\/uploads\\\/2025\\\/02\\\/DEL_5522-scaled.jpg\",\"datePublished\":\"2025-01-10T16:18:39+00:00\",\"dateModified\":\"2025-05-09T17:16:17+00:00\",\"description\":\"Nuestro compromiso es encontrar el armaz\u00f3n, mica y forma perfecta para tus lentes. Agenda tu cita en nuestra \u00f3ptica en Canc\u00fan\",\"breadcrumb\":{\"@id\":\"https:\\\/\\\/enfoca.com.mx\\\/optica-en-cancun\\\/#breadcrumb\"},\"inLanguage\":\"en-US\",\"potentialAction\":[{\"@type\":\"ReadAction\",\"target\":[\"https:\\\/\\\/enfoca.com.mx\\\/optica-en-cancun\\\/\"]}]},{\"@type\":\"ImageObject\",\"inLanguage\":\"en-US\",\"@id\":\"https:\\\/\\\/enfoca.com.mx\\\/optica-en-cancun\\\/#primaryimage\",\"url\":\"https:\\\/\\\/enfoca.com.mx\\\/wp-content\\\/uploads\\\/2025\\\/02\\\/DEL_5522-scaled.jpg\",\"contentUrl\":\"https:\\\/\\\/enfoca.com.mx\\\/wp-content\\\/uploads\\\/2025\\\/02\\\/DEL_5522-scaled.jpg\",\"width\":2560,\"height\":1696,\"caption\":\"\u00d3ptica en Canc\u00fan\"},{\"@type\":\"BreadcrumbList\",\"@id\":\"https:\\\/\\\/enfoca.com.mx\\\/optica-en-cancun\\\/#breadcrumb\",\"itemListElement\":[{\"@type\":\"ListItem\",\"position\":1,\"name\":\"Home\",\"item\":\"https:\\\/\\\/enfoca.com.mx\\\/\"},{\"@type\":\"ListItem\",\"position\":2,\"name\":\"optica\"}]},{\"@type\":\"WebSite\",\"@id\":\"https:\\\/\\\/enfoca.com.mx\\\/#website\",\"url\":\"https:\\\/\\\/enfoca.com.mx\\\/\",\"name\":\"ENFOCA\",\"description\":\"\",\"potentialAction\":[{\"@type\":\"SearchAction\",\"target\":{\"@type\":\"EntryPoint\",\"urlTemplate\":\"https:\\\/\\\/enfoca.com.mx\\\/?s={search_term_string}\"},\"query-input\":{\"@type\":\"PropertyValueSpecification\",\"valueRequired\":true,\"valueName\":\"search_term_string\"}}],\"inLanguage\":\"en-US\"}]}<\/script>\n<!-- \/ Yoast SEO plugin. -->","yoast_head_json":{"title":"\u00d3ptica en Canc\u00fan | ENFOCA","description":"Nuestro compromiso es encontrar el armaz\u00f3n, mica y forma perfecta para tus lentes. Agenda tu cita en nuestra \u00f3ptica en Canc\u00fan","robots":{"index":"index","follow":"follow","max-snippet":"max-snippet:-1","max-image-preview":"max-image-preview:large","max-video-preview":"max-video-preview:-1"},"canonical":"https:\/\/enfoca.com.mx\/eng\/optica-en-cancun\/","og_locale":"en_US","og_type":"article","og_title":"\u00d3ptica en Canc\u00fan | ENFOCA","og_description":"Nuestro compromiso es encontrar el armaz\u00f3n, mica y forma perfecta para tus lentes. Agenda tu cita en nuestra \u00f3ptica en Canc\u00fan","og_url":"https:\/\/enfoca.com.mx\/eng\/optica-en-cancun\/","og_site_name":"ENFOCA","article_modified_time":"2025-05-09T17:16:17+00:00","og_image":[{"width":2560,"height":1696,"url":"https:\/\/enfoca.com.mx\/wp-content\/uploads\/2025\/02\/DEL_5522-scaled.jpg","type":"image\/jpeg"}],"twitter_card":"summary_large_image","twitter_misc":{"Est. reading time":"2 minutes"},"schema":{"@context":"https:\/\/schema.org","@graph":[{"@type":"WebPage","@id":"https:\/\/enfoca.com.mx\/optica-en-cancun\/","url":"https:\/\/enfoca.com.mx\/optica-en-cancun\/","name":"\u00d3ptica en Canc\u00fan | ENFOCA","isPartOf":{"@id":"https:\/\/enfoca.com.mx\/#website"},"primaryImageOfPage":{"@id":"https:\/\/enfoca.com.mx\/optica-en-cancun\/#primaryimage"},"image":{"@id":"https:\/\/enfoca.com.mx\/optica-en-cancun\/#primaryimage"},"thumbnailUrl":"https:\/\/enfoca.com.mx\/wp-content\/uploads\/2025\/02\/DEL_5522-scaled.jpg","datePublished":"2025-01-10T16:18:39+00:00","dateModified":"2025-05-09T17:16:17+00:00","description":"Nuestro compromiso es encontrar el armaz\u00f3n, mica y forma perfecta para tus lentes. Agenda tu cita en nuestra \u00f3ptica en Canc\u00fan","breadcrumb":{"@id":"https:\/\/enfoca.com.mx\/optica-en-cancun\/#breadcrumb"},"inLanguage":"en-US","potentialAction":[{"@type":"ReadAction","target":["https:\/\/enfoca.com.mx\/optica-en-cancun\/"]}]},{"@type":"ImageObject","inLanguage":"en-US","@id":"https:\/\/enfoca.com.mx\/optica-en-cancun\/#primaryimage","url":"https:\/\/enfoca.com.mx\/wp-content\/uploads\/2025\/02\/DEL_5522-scaled.jpg","contentUrl":"https:\/\/enfoca.com.mx\/wp-content\/uploads\/2025\/02\/DEL_5522-scaled.jpg","width":2560,"height":1696,"caption":"\u00d3ptica en Canc\u00fan"},{"@type":"BreadcrumbList","@id":"https:\/\/enfoca.com.mx\/optica-en-cancun\/#breadcrumb","itemListElement":[{"@type":"ListItem","position":1,"name":"Home","item":"https:\/\/enfoca.com.mx\/"},{"@type":"ListItem","position":2,"name":"optica"}]},{"@type":"WebSite","@id":"https:\/\/enfoca.com.mx\/#website","url":"https:\/\/enfoca.com.mx\/","name":"ENFOCA","description":"","potentialAction":[{"@type":"SearchAction","target":{"@type":"EntryPoint","urlTemplate":"https:\/\/enfoca.com.mx\/?s={search_term_string}"},"query-input":{"@type":"PropertyValueSpecification","valueRequired":true,"valueName":"search_term_string"}}],"inLanguage":"en-US"}]}},"_links":{"self":[{"href":"https:\/\/enfoca.com.mx\/eng\/wp-json\/wp\/v2\/pages\/446","targetHints":{"allow":["GET"]}}],"collection":[{"href":"https:\/\/enfoca.com.mx\/eng\/wp-json\/wp\/v2\/pages"}],"about":[{"href":"https:\/\/enfoca.com.mx\/eng\/wp-json\/wp\/v2\/types\/page"}],"author":[{"embeddable":true,"href":"https:\/\/enfoca.com.mx\/eng\/wp-json\/wp\/v2\/users\/1"}],"replies":[{"embeddable":true,"href":"https:\/\/enfoca.com.mx\/eng\/wp-json\/wp\/v2\/comments?post=446"}],"version-history":[{"count":0,"href":"https:\/\/enfoca.com.mx\/eng\/wp-json\/wp\/v2\/pages\/446\/revisions"}],"wp:featuredmedia":[{"embeddable":true,"href":"https:\/\/enfoca.com.mx\/eng\/wp-json\/wp\/v2\/media\/931"}],"wp:attachment":[{"href":"https:\/\/enfoca.com.mx\/eng\/wp-json\/wp\/v2\/media?parent=446"}],"curies":[{"name":"wp","href":"https:\/\/api.w.org\/{rel}","templated":true}]}}