{"id":496,"date":"2025-01-10T17:53:07","date_gmt":"2025-01-10T17:53:07","guid":{"rendered":"https:\/\/enfoca.com.mx\/?page_id=496"},"modified":"2025-05-09T21:19:22","modified_gmt":"2025-05-09T21:19:22","slug":"cirugia-de-retina","status":"publish","type":"page","link":"https:\/\/enfoca.com.mx\/eng\/cirugia-de-retina\/","title":{"rendered":"Retinal surgery"},"content":{"rendered":"<div data-elementor-type=\"wp-page\" data-elementor-id=\"496\" class=\"elementor elementor-496\" data-elementor-post-type=\"page\">\n\t\t\t\t\t\t<section class=\"elementor-section elementor-top-section elementor-element elementor-element-cf26c69 elementor-section-content-middle elementor-section-boxed elementor-section-height-default elementor-section-height-default\" data-id=\"cf26c69\" data-element_type=\"section\" data-e-type=\"section\" data-settings=\"{&quot;background_background&quot;:&quot;classic&quot;}\">\n\t\t\t\t\t\t\t<div class=\"elementor-background-overlay\"><\/div>\n\t\t\t\t\t\t\t<div class=\"elementor-container elementor-column-gap-wide\">\n\t\t\t\t\t<div class=\"elementor-column elementor-col-100 elementor-top-column elementor-element elementor-element-a07bbfa\" data-id=\"a07bbfa\" data-element_type=\"column\" data-e-type=\"column\">\n\t\t\t<div class=\"elementor-widget-wrap elementor-element-populated\">\n\t\t\t\t\t\t<div class=\"elementor-element elementor-element-d85ccb6 elementor-invisible elementor-widget elementor-widget-heading\" data-id=\"d85ccb6\" data-element_type=\"widget\" data-e-type=\"widget\" data-settings=\"{&quot;_animation&quot;:&quot;fadeIn&quot;,&quot;_animation_delay&quot;:100}\" data-widget_type=\"heading.default\">\n\t\t\t\t<div class=\"elementor-widget-container\">\n\t\t\t\t\t<h2 class=\"elementor-heading-title elementor-size-default\">Retina Surgery in Cancun<\/h2>\t\t\t\t<\/div>\n\t\t\t\t<\/div>\n\t\t\t\t\t<\/div>\n\t\t<\/div>\n\t\t\t\t\t<\/div>\n\t\t<\/section>\n\t\t\t\t<section class=\"elementor-section elementor-top-section elementor-element elementor-element-257e381 elementor-section-content-middle elementor-section-boxed elementor-section-height-default elementor-section-height-default\" data-id=\"257e381\" data-element_type=\"section\" data-e-type=\"section\" data-settings=\"{&quot;background_background&quot;:&quot;classic&quot;}\">\n\t\t\t\t\t\t\t<div class=\"elementor-background-overlay\"><\/div>\n\t\t\t\t\t\t\t<div class=\"elementor-container elementor-column-gap-wide\">\n\t\t\t\t\t<div class=\"elementor-column elementor-col-100 elementor-top-column elementor-element elementor-element-5f3f471 elementor-invisible\" data-id=\"5f3f471\" data-element_type=\"column\" data-e-type=\"column\" data-settings=\"{&quot;animation&quot;:&quot;fadeIn&quot;,&quot;animation_delay&quot;:100}\">\n\t\t\t<div class=\"elementor-widget-wrap elementor-element-populated\">\n\t\t\t\t\t\t<div class=\"elementor-element elementor-element-2acfb43 elementor-widget elementor-widget-image\" data-id=\"2acfb43\" data-element_type=\"widget\" data-e-type=\"widget\" data-widget_type=\"image.default\">\n\t\t\t\t<div class=\"elementor-widget-container\">\n\t\t\t\t\t\t\t\t\t\t\t\t\t\t\t<img fetchpriority=\"high\" decoding=\"async\" width=\"764\" height=\"586\" src=\"https:\/\/enfoca.com.mx\/wp-content\/uploads\/2025\/01\/Cirugia-de-retina-en-3D-3-2.webp\" class=\"attachment-large size-large wp-image-512\" alt=\"Cirug\u00eda de Retina en Canc\u00fan\" srcset=\"https:\/\/enfoca.com.mx\/wp-content\/uploads\/2025\/01\/Cirugia-de-retina-en-3D-3-2.webp 764w, https:\/\/enfoca.com.mx\/wp-content\/uploads\/2025\/01\/Cirugia-de-retina-en-3D-3-2-300x230.webp 300w\" sizes=\"(max-width: 764px) 100vw, 764px\" \/>\t\t\t\t\t\t\t\t\t\t\t\t\t\t\t<\/div>\n\t\t\t\t<\/div>\n\t\t\t\t\t<\/div>\n\t\t<\/div>\n\t\t\t\t<div class=\"elementor-column elementor-col-100 elementor-top-column elementor-element elementor-element-183e2a1\" data-id=\"183e2a1\" data-element_type=\"column\" data-e-type=\"column\">\n\t\t\t<div class=\"elementor-widget-wrap elementor-element-populated\">\n\t\t\t\t\t\t<div class=\"elementor-element elementor-element-3ff418d elementor-invisible elementor-widget elementor-widget-heading\" data-id=\"3ff418d\" data-element_type=\"widget\" data-e-type=\"widget\" data-settings=\"{&quot;_animation&quot;:&quot;fadeIn&quot;,&quot;_animation_delay&quot;:100}\" data-widget_type=\"heading.default\">\n\t\t\t\t<div class=\"elementor-widget-container\">\n\t\t\t\t\t<h2 class=\"elementor-heading-title elementor-size-default\">What is retinal surgery like?<\/h2>\t\t\t\t<\/div>\n\t\t\t\t<\/div>\n\t\t\t\t<div class=\"elementor-element elementor-element-7a8814b elementor-invisible elementor-widget elementor-widget-heading\" data-id=\"7a8814b\" data-element_type=\"widget\" data-e-type=\"widget\" data-settings=\"{&quot;_animation&quot;:&quot;fadeIn&quot;,&quot;_animation_delay&quot;:150}\" data-widget_type=\"heading.default\">\n\t\t\t\t<div class=\"elementor-widget-container\">\n\t\t\t\t\t<h2 class=\"elementor-heading-title elementor-size-default\">Depending on the patient's case, one of these types of surgeries may be necessary: Pneumatic Retinopexy, Conventional Retinal Surgery, or Vitrectomy. <\/h2>\t\t\t\t<\/div>\n\t\t\t\t<\/div>\n\t\t\t\t<div class=\"elementor-element elementor-element-4a58d94 elementor-widget elementor-widget-text-editor\" data-id=\"4a58d94\" data-element_type=\"widget\" data-e-type=\"widget\" data-widget_type=\"text-editor.default\">\n\t\t\t\t<div class=\"elementor-widget-container\">\n\t\t\t\t\t\t\t\t\t<p class=\"has-medium-font-size\">Risks of retinal surgery may include:<\/p><ul class=\"wp-block-list\"><li>Bleeding<\/li><li>Detachment that is not completely fixed (may require additional surgeries)<\/li><li>Increased eye pressure (elevated intraocular pressure)<\/li><li>Infection<\/li><li>You may not fully recover your vision.<\/li><\/ul><p>General anesthesia may be required for retinal surgery. The risks of any anesthetic are:<\/p><ul class=\"wp-block-list\"><li>Reactions to medications<\/li><li>Respiratory problems<\/li><\/ul>\t\t\t\t\t\t\t\t<\/div>\n\t\t\t\t<\/div>\n\t\t\t\t<section class=\"elementor-section elementor-inner-section elementor-element elementor-element-4e53241 elementor-section-boxed elementor-section-height-default elementor-section-height-default elementor-invisible\" data-id=\"4e53241\" data-element_type=\"section\" data-e-type=\"section\" data-settings=\"{&quot;animation&quot;:&quot;fadeIn&quot;,&quot;animation_delay&quot;:20}\">\n\t\t\t\t\t\t<div class=\"elementor-container elementor-column-gap-no\">\n\t\t\t\t\t<div class=\"elementor-column elementor-col-100 elementor-inner-column elementor-element elementor-element-e70785a\" data-id=\"e70785a\" data-element_type=\"column\" data-e-type=\"column\">\n\t\t\t<div class=\"elementor-widget-wrap elementor-element-populated\">\n\t\t\t\t\t\t<div class=\"elementor-element elementor-element-fb67a8a elementor-align-center elementor-widget elementor-widget-elementskit-button\" data-id=\"fb67a8a\" data-element_type=\"widget\" data-e-type=\"widget\" data-widget_type=\"elementskit-button.default\">\n\t\t\t\t<div class=\"elementor-widget-container\">\n\t\t\t\t\t<div class=\"ekit-wid-con\" >\t\t<div class=\"ekit-btn-wraper\">\n\t\t\t\t\t\t\t<a href=\"https:\/\/wa.me\/529982017401\" class=\"elementskit-btn  whitespace--normal\" id=\"\">\n\t\t\t\t\tBook your appointment now\t\t\t\t<\/a>\n\t\t\t\t\t<\/div>\n        <\/div>\t\t\t\t<\/div>\n\t\t\t\t<\/div>\n\t\t\t\t\t<\/div>\n\t\t<\/div>\n\t\t\t\t\t<\/div>\n\t\t<\/section>\n\t\t\t\t\t<\/div>\n\t\t<\/div>\n\t\t\t\t\t<\/div>\n\t\t<\/section>\n\t\t\t\t<section class=\"elementor-section elementor-top-section elementor-element elementor-element-01b6a4b elementor-section-height-min-height elementor-section-boxed elementor-section-height-default elementor-section-items-middle\" data-id=\"01b6a4b\" data-element_type=\"section\" data-e-type=\"section\" data-settings=\"{&quot;background_background&quot;:&quot;classic&quot;}\">\n\t\t\t\t\t\t\t<div class=\"elementor-background-overlay\"><\/div>\n\t\t\t\t\t\t\t<div class=\"elementor-container elementor-column-gap-default\">\n\t\t\t\t\t<div class=\"elementor-column elementor-col-100 elementor-top-column elementor-element elementor-element-55e1cfc\" data-id=\"55e1cfc\" data-element_type=\"column\" data-e-type=\"column\">\n\t\t\t<div class=\"elementor-widget-wrap elementor-element-populated\">\n\t\t\t\t\t\t<div class=\"elementor-element elementor-element-126f008 elementor-widget__width-inherit elementor-widget elementor-widget-heading\" data-id=\"126f008\" data-element_type=\"widget\" data-e-type=\"widget\" data-widget_type=\"heading.default\">\n\t\t\t\t<div class=\"elementor-widget-container\">\n\t\t\t\t\t<h1 class=\"elementor-heading-title elementor-size-default\">Seeing the world clearly is not just a privilege, it is a new way of living.<\/h1>\t\t\t\t<\/div>\n\t\t\t\t<\/div>\n\t\t\t\t<div class=\"elementor-element elementor-element-06b5ea8 elementor-align-center elementor-widget elementor-widget-elementskit-button\" data-id=\"06b5ea8\" data-element_type=\"widget\" data-e-type=\"widget\" data-widget_type=\"elementskit-button.default\">\n\t\t\t\t<div class=\"elementor-widget-container\">\n\t\t\t\t\t<div class=\"ekit-wid-con\" >\t\t<div class=\"ekit-btn-wraper\">\n\t\t\t\t\t\t\t<a class=\"elementskit-btn  whitespace--normal\" id=\"\">\n\t\t\t\t\tBook your appointment now\t\t\t\t<\/a>\n\t\t\t\t\t<\/div>\n        <\/div>\t\t\t\t<\/div>\n\t\t\t\t<\/div>\n\t\t\t\t\t<\/div>\n\t\t<\/div>\n\t\t\t\t\t<\/div>\n\t\t<\/section>\n\t\t\t\t<section class=\"elementor-section elementor-top-section elementor-element elementor-element-87e108e elementor-section-boxed elementor-section-height-default elementor-section-height-default\" data-id=\"87e108e\" data-element_type=\"section\" data-e-type=\"section\" data-settings=\"{&quot;background_background&quot;:&quot;classic&quot;}\">\n\t\t\t\t\t\t<div class=\"elementor-container elementor-column-gap-default\">\n\t\t\t\t\t<div class=\"elementor-column elementor-col-50 elementor-top-column elementor-element elementor-element-a22ddef\" data-id=\"a22ddef\" data-element_type=\"column\" data-e-type=\"column\">\n\t\t\t<div class=\"elementor-widget-wrap elementor-element-populated\">\n\t\t\t\t\t\t<div class=\"elementor-element elementor-element-7e0fc8b animated-slow elementor-invisible elementor-widget elementor-widget-heading\" data-id=\"7e0fc8b\" data-element_type=\"widget\" data-e-type=\"widget\" data-settings=\"{&quot;_animation&quot;:&quot;fadeIn&quot;}\" data-widget_type=\"heading.default\">\n\t\t\t\t<div class=\"elementor-widget-container\">\n\t\t\t\t\t<h1 class=\"elementor-heading-title elementor-size-default\">Retinal surgeries <\/h1>\t\t\t\t<\/div>\n\t\t\t\t<\/div>\n\t\t\t\t<div class=\"elementor-element elementor-element-888bf0a elementor-invisible elementor-widget elementor-widget-text-editor\" data-id=\"888bf0a\" data-element_type=\"widget\" data-e-type=\"widget\" data-settings=\"{&quot;_animation&quot;:&quot;fadeIn&quot;}\" data-widget_type=\"text-editor.default\">\n\t\t\t\t<div class=\"elementor-widget-container\">\n\t\t\t\t\t\t\t\t\t<ul><li data-start=\"58\" data-end=\"237\"><p data-start=\"61\" data-end=\"237\"><strong data-start=\"61\" data-end=\"76\">Vitrectomy<\/strong><br data-start=\"76\" data-end=\"79\" \/>Eye surgery in which the vitreous humor is removed to treat conditions such as retinal detachment, vitreous hemorrhage, or epiretinal membranes.<\/p><\/li><li data-start=\"239\" data-end=\"446\"><p data-start=\"242\" data-end=\"446\"><strong data-start=\"242\" data-end=\"274\">Panretinal photocoagulation<\/strong><br data-start=\"274\" data-end=\"277\" \/>Laser treatment that destroys areas of the damaged retina to reduce abnormal blood vessel growth, commonly used in diabetic retinopathy.<\/p><\/li><li data-start=\"448\" data-end=\"716\"><p data-start=\"451\" data-end=\"716\"><strong data-start=\"451\" data-end=\"541\">Application of Antiangiogenics (Bevacizumab, Ranibizumab, Aflibercept, Faricimab-svoa)<\/strong><br data-start=\"541\" data-end=\"544\" \/>Intraocular injections that block abnormal blood vessel growth and reduce edema in diseases such as macular degeneration and diabetic retinopathy.<\/p><\/li><li data-start=\"718\" data-end=\"936\"><p data-start=\"721\" data-end=\"936\"><strong data-start=\"721\" data-end=\"778\">Gas and Silicone (Cost per cc if necessary)<\/strong><br data-start=\"778\" data-end=\"781\" \/>Substances used in retinal surgeries, such as retinal detachment, to help keep the retina in position while it heals.<\/p><\/li><li data-start=\"938\" data-end=\"1127\"><p data-start=\"941\" data-end=\"1127\"><strong data-start=\"941\" data-end=\"967\">Ultrasound Mode A and B<\/strong><br data-start=\"967\" data-end=\"970\" \/>Imaging tests that allow the evaluation of the internal structure of the eye, especially when the fundus cannot be visualized due to opacities.<\/p><\/li><li data-start=\"1129\" data-end=\"1346\"><p data-start=\"1132\" data-end=\"1346\"><strong data-start=\"1132\" data-end=\"1155\">Ultrabiomicroscopy<\/strong><br data-start=\"1155\" data-end=\"1158\" \/>High-resolution ultrasound technique that allows for detailed evaluation of the anterior segment of the eye, useful for diagnosing pathologies of the iris, ciliary body, and anterior chamber.<\/p><\/li><li data-start=\"1348\" data-end=\"1565\"><p data-start=\"1351\" data-end=\"1565\"><strong data-start=\"1351\" data-end=\"1366\">Retinopexy<\/strong><br data-start=\"1366\" data-end=\"1369\" \/>Procedure to repair retinal detachment by applying intraocular gas or cryotherapy to seal retinal tears and reestablish retinal adhesion.<\/p><\/li><\/ul>\t\t\t\t\t\t\t\t<\/div>\n\t\t\t\t<\/div>\n\t\t\t\t<div class=\"elementor-element elementor-element-ef94282 elementor-align-center elementor-widget elementor-widget-elementskit-button\" data-id=\"ef94282\" data-element_type=\"widget\" data-e-type=\"widget\" data-widget_type=\"elementskit-button.default\">\n\t\t\t\t<div class=\"elementor-widget-container\">\n\t\t\t\t\t<div class=\"ekit-wid-con\" >\t\t<div class=\"ekit-btn-wraper\">\n\t\t\t\t\t\t\t<a href=\"https:\/\/wa.me\/529982017401\" class=\"elementskit-btn  whitespace--normal\" id=\"\">\n\t\t\t\t\tBook your appointment now\t\t\t\t<\/a>\n\t\t\t\t\t<\/div>\n        <\/div>\t\t\t\t<\/div>\n\t\t\t\t<\/div>\n\t\t\t\t\t<\/div>\n\t\t<\/div>\n\t\t\t\t<div class=\"elementor-column elementor-col-50 elementor-top-column elementor-element elementor-element-c50b14c\" data-id=\"c50b14c\" data-element_type=\"column\" data-e-type=\"column\">\n\t\t\t<div class=\"elementor-widget-wrap elementor-element-populated\">\n\t\t\t\t\t\t<div class=\"elementor-element elementor-element-41754cd elementor-widget elementor-widget-image\" data-id=\"41754cd\" data-element_type=\"widget\" data-e-type=\"widget\" data-widget_type=\"image.default\">\n\t\t\t\t<div class=\"elementor-widget-container\">\n\t\t\t\t\t\t\t\t\t\t\t\t\t\t\t<img decoding=\"async\" width=\"400\" height=\"800\" src=\"https:\/\/enfoca.com.mx\/wp-content\/uploads\/2025\/01\/desprendimiento_de_retina.jpg\" class=\"attachment-large size-large wp-image-508\" alt=\"\" srcset=\"https:\/\/enfoca.com.mx\/wp-content\/uploads\/2025\/01\/desprendimiento_de_retina.jpg 400w, https:\/\/enfoca.com.mx\/wp-content\/uploads\/2025\/01\/desprendimiento_de_retina-150x300.jpg 150w\" sizes=\"(max-width: 400px) 100vw, 400px\" \/>\t\t\t\t\t\t\t\t\t\t\t\t\t\t\t<\/div>\n\t\t\t\t<\/div>\n\t\t\t\t\t<\/div>\n\t\t<\/div>\n\t\t\t\t\t<\/div>\n\t\t<\/section>\n\t\t\t\t<\/div>","protected":false},"excerpt":{"rendered":"<p>Cirug\u00eda de Retina en Canc\u00fan \u00bfC\u00f3mo es la cirug\u00eda de retina? De acuerdo al caso que se presente en el [&hellip;]<\/p>\n","protected":false},"author":1,"featured_media":512,"parent":0,"menu_order":0,"comment_status":"closed","ping_status":"closed","template":"","meta":{"site-sidebar-layout":"no-sidebar","site-content-layout":"","ast-site-content-layout":"full-width-container","site-content-style":"default","site-sidebar-style":"default","ast-global-header-display":"","ast-banner-title-visibility":"","ast-main-header-display":"","ast-hfb-above-header-display":"","ast-hfb-below-header-display":"","ast-hfb-mobile-header-display":"","site-post-title":"disabled","ast-breadcrumbs-content":"","ast-featured-img":"disabled","footer-sml-layout":"","ast-disable-related-posts":"","theme-transparent-header-meta":"","adv-header-id-meta":"","stick-header-meta":"","header-above-stick-meta":"","header-main-stick-meta":"","header-below-stick-meta":"","astra-migrate-meta-layouts":"default","ast-page-background-enabled":"default","ast-page-background-meta":{"desktop":{"background-color":"var(--ast-global-color-5)","background-image":"","background-repeat":"repeat","background-position":"center center","background-size":"auto","background-attachment":"scroll","background-type":"","background-media":"","overlay-type":"","overlay-color":"","overlay-opacity":"","overlay-gradient":""},"tablet":{"background-color":"","background-image":"","background-repeat":"repeat","background-position":"center center","background-size":"auto","background-attachment":"scroll","background-type":"","background-media":"","overlay-type":"","overlay-color":"","overlay-opacity":"","overlay-gradient":""},"mobile":{"background-color":"","background-image":"","background-repeat":"repeat","background-position":"center center","background-size":"auto","background-attachment":"scroll","background-type":"","background-media":"","overlay-type":"","overlay-color":"","overlay-opacity":"","overlay-gradient":""}},"ast-content-background-meta":{"desktop":{"background-color":"var(--ast-global-color-4)","background-image":"","background-repeat":"repeat","background-position":"center center","background-size":"auto","background-attachment":"scroll","background-type":"","background-media":"","overlay-type":"","overlay-color":"","overlay-opacity":"","overlay-gradient":""},"tablet":{"background-color":"var(--ast-global-color-4)","background-image":"","background-repeat":"repeat","background-position":"center center","background-size":"auto","background-attachment":"scroll","background-type":"","background-media":"","overlay-type":"","overlay-color":"","overlay-opacity":"","overlay-gradient":""},"mobile":{"background-color":"var(--ast-global-color-4)","background-image":"","background-repeat":"repeat","background-position":"center center","background-size":"auto","background-attachment":"scroll","background-type":"","background-media":"","overlay-type":"","overlay-color":"","overlay-opacity":"","overlay-gradient":""}},"footnotes":""},"class_list":["post-496","page","type-page","status-publish","has-post-thumbnail","hentry"],"yoast_head":"<!-- This site is optimized with the Yoast SEO plugin v27.3 - https:\/\/yoast.com\/product\/yoast-seo-wordpress\/ -->\n<title>Cirug\u00eda de Retina en Canc\u00fan | Dr. Mario Riquelme<\/title>\n<meta name=\"description\" content=\"Se hace una valoraci\u00f3n al paciente y se determina cual es la mejor soluci\u00f3n para su cirug\u00eda de retina. Agenda tu valoraci\u00f3n hoy\" \/>\n<meta name=\"robots\" content=\"index, follow, max-snippet:-1, max-image-preview:large, max-video-preview:-1\" \/>\n<link rel=\"canonical\" href=\"https:\/\/enfoca.com.mx\/eng\/cirugia-de-retina\/\" \/>\n<meta property=\"og:locale\" content=\"en_US\" \/>\n<meta property=\"og:type\" content=\"article\" \/>\n<meta property=\"og:title\" content=\"Cirug\u00eda de Retina en Canc\u00fan | Dr. Mario Riquelme\" \/>\n<meta property=\"og:description\" content=\"Se hace una valoraci\u00f3n al paciente y se determina cual es la mejor soluci\u00f3n para su cirug\u00eda de retina. Agenda tu valoraci\u00f3n hoy\" \/>\n<meta property=\"og:url\" content=\"https:\/\/enfoca.com.mx\/eng\/cirugia-de-retina\/\" \/>\n<meta property=\"og:site_name\" content=\"ENFOCA\" \/>\n<meta property=\"article:modified_time\" content=\"2025-05-09T21:19:22+00:00\" \/>\n<meta property=\"og:image\" content=\"https:\/\/enfoca.com.mx\/wp-content\/uploads\/2025\/01\/Cirugia-de-retina-en-3D-3-2.webp\" \/>\n\t<meta property=\"og:image:width\" content=\"764\" \/>\n\t<meta property=\"og:image:height\" content=\"586\" \/>\n\t<meta property=\"og:image:type\" content=\"image\/webp\" \/>\n<meta name=\"twitter:card\" content=\"summary_large_image\" \/>\n<meta name=\"twitter:label1\" content=\"Est. reading time\" \/>\n\t<meta name=\"twitter:data1\" content=\"2 minutes\" \/>\n<script type=\"application\/ld+json\" class=\"yoast-schema-graph\">{\"@context\":\"https:\\\/\\\/schema.org\",\"@graph\":[{\"@type\":\"WebPage\",\"@id\":\"https:\\\/\\\/enfoca.com.mx\\\/cirugia-de-retina\\\/\",\"url\":\"https:\\\/\\\/enfoca.com.mx\\\/cirugia-de-retina\\\/\",\"name\":\"Cirug\u00eda de Retina en Canc\u00fan | Dr. Mario Riquelme\",\"isPartOf\":{\"@id\":\"https:\\\/\\\/enfoca.com.mx\\\/#website\"},\"primaryImageOfPage\":{\"@id\":\"https:\\\/\\\/enfoca.com.mx\\\/cirugia-de-retina\\\/#primaryimage\"},\"image\":{\"@id\":\"https:\\\/\\\/enfoca.com.mx\\\/cirugia-de-retina\\\/#primaryimage\"},\"thumbnailUrl\":\"https:\\\/\\\/enfoca.com.mx\\\/wp-content\\\/uploads\\\/2025\\\/01\\\/Cirugia-de-retina-en-3D-3-2.webp\",\"datePublished\":\"2025-01-10T17:53:07+00:00\",\"dateModified\":\"2025-05-09T21:19:22+00:00\",\"description\":\"Se hace una valoraci\u00f3n al paciente y se determina cual es la mejor soluci\u00f3n para su cirug\u00eda de retina. Agenda tu valoraci\u00f3n hoy\",\"breadcrumb\":{\"@id\":\"https:\\\/\\\/enfoca.com.mx\\\/cirugia-de-retina\\\/#breadcrumb\"},\"inLanguage\":\"en-US\",\"potentialAction\":[{\"@type\":\"ReadAction\",\"target\":[\"https:\\\/\\\/enfoca.com.mx\\\/cirugia-de-retina\\\/\"]}]},{\"@type\":\"ImageObject\",\"inLanguage\":\"en-US\",\"@id\":\"https:\\\/\\\/enfoca.com.mx\\\/cirugia-de-retina\\\/#primaryimage\",\"url\":\"https:\\\/\\\/enfoca.com.mx\\\/wp-content\\\/uploads\\\/2025\\\/01\\\/Cirugia-de-retina-en-3D-3-2.webp\",\"contentUrl\":\"https:\\\/\\\/enfoca.com.mx\\\/wp-content\\\/uploads\\\/2025\\\/01\\\/Cirugia-de-retina-en-3D-3-2.webp\",\"width\":764,\"height\":586,\"caption\":\"Cirug\u00eda de Retina en Canc\u00fan\"},{\"@type\":\"BreadcrumbList\",\"@id\":\"https:\\\/\\\/enfoca.com.mx\\\/cirugia-de-retina\\\/#breadcrumb\",\"itemListElement\":[{\"@type\":\"ListItem\",\"position\":1,\"name\":\"Home\",\"item\":\"https:\\\/\\\/enfoca.com.mx\\\/\"},{\"@type\":\"ListItem\",\"position\":2,\"name\":\"Cirug\u00eda de retina\"}]},{\"@type\":\"WebSite\",\"@id\":\"https:\\\/\\\/enfoca.com.mx\\\/#website\",\"url\":\"https:\\\/\\\/enfoca.com.mx\\\/\",\"name\":\"ENFOCA\",\"description\":\"\",\"potentialAction\":[{\"@type\":\"SearchAction\",\"target\":{\"@type\":\"EntryPoint\",\"urlTemplate\":\"https:\\\/\\\/enfoca.com.mx\\\/?s={search_term_string}\"},\"query-input\":{\"@type\":\"PropertyValueSpecification\",\"valueRequired\":true,\"valueName\":\"search_term_string\"}}],\"inLanguage\":\"en-US\"}]}<\/script>\n<!-- \/ Yoast SEO plugin. -->","yoast_head_json":{"title":"Cirug\u00eda de Retina en Canc\u00fan | Dr. Mario Riquelme","description":"Se hace una valoraci\u00f3n al paciente y se determina cual es la mejor soluci\u00f3n para su cirug\u00eda de retina. Agenda tu valoraci\u00f3n hoy","robots":{"index":"index","follow":"follow","max-snippet":"max-snippet:-1","max-image-preview":"max-image-preview:large","max-video-preview":"max-video-preview:-1"},"canonical":"https:\/\/enfoca.com.mx\/eng\/cirugia-de-retina\/","og_locale":"en_US","og_type":"article","og_title":"Cirug\u00eda de Retina en Canc\u00fan | Dr. Mario Riquelme","og_description":"Se hace una valoraci\u00f3n al paciente y se determina cual es la mejor soluci\u00f3n para su cirug\u00eda de retina. Agenda tu valoraci\u00f3n hoy","og_url":"https:\/\/enfoca.com.mx\/eng\/cirugia-de-retina\/","og_site_name":"ENFOCA","article_modified_time":"2025-05-09T21:19:22+00:00","og_image":[{"width":764,"height":586,"url":"https:\/\/enfoca.com.mx\/wp-content\/uploads\/2025\/01\/Cirugia-de-retina-en-3D-3-2.webp","type":"image\/webp"}],"twitter_card":"summary_large_image","twitter_misc":{"Est. reading time":"2 minutes"},"schema":{"@context":"https:\/\/schema.org","@graph":[{"@type":"WebPage","@id":"https:\/\/enfoca.com.mx\/cirugia-de-retina\/","url":"https:\/\/enfoca.com.mx\/cirugia-de-retina\/","name":"Cirug\u00eda de Retina en Canc\u00fan | Dr. Mario Riquelme","isPartOf":{"@id":"https:\/\/enfoca.com.mx\/#website"},"primaryImageOfPage":{"@id":"https:\/\/enfoca.com.mx\/cirugia-de-retina\/#primaryimage"},"image":{"@id":"https:\/\/enfoca.com.mx\/cirugia-de-retina\/#primaryimage"},"thumbnailUrl":"https:\/\/enfoca.com.mx\/wp-content\/uploads\/2025\/01\/Cirugia-de-retina-en-3D-3-2.webp","datePublished":"2025-01-10T17:53:07+00:00","dateModified":"2025-05-09T21:19:22+00:00","description":"Se hace una valoraci\u00f3n al paciente y se determina cual es la mejor soluci\u00f3n para su cirug\u00eda de retina. Agenda tu valoraci\u00f3n hoy","breadcrumb":{"@id":"https:\/\/enfoca.com.mx\/cirugia-de-retina\/#breadcrumb"},"inLanguage":"en-US","potentialAction":[{"@type":"ReadAction","target":["https:\/\/enfoca.com.mx\/cirugia-de-retina\/"]}]},{"@type":"ImageObject","inLanguage":"en-US","@id":"https:\/\/enfoca.com.mx\/cirugia-de-retina\/#primaryimage","url":"https:\/\/enfoca.com.mx\/wp-content\/uploads\/2025\/01\/Cirugia-de-retina-en-3D-3-2.webp","contentUrl":"https:\/\/enfoca.com.mx\/wp-content\/uploads\/2025\/01\/Cirugia-de-retina-en-3D-3-2.webp","width":764,"height":586,"caption":"Cirug\u00eda de Retina en Canc\u00fan"},{"@type":"BreadcrumbList","@id":"https:\/\/enfoca.com.mx\/cirugia-de-retina\/#breadcrumb","itemListElement":[{"@type":"ListItem","position":1,"name":"Home","item":"https:\/\/enfoca.com.mx\/"},{"@type":"ListItem","position":2,"name":"Cirug\u00eda de retina"}]},{"@type":"WebSite","@id":"https:\/\/enfoca.com.mx\/#website","url":"https:\/\/enfoca.com.mx\/","name":"ENFOCA","description":"","potentialAction":[{"@type":"SearchAction","target":{"@type":"EntryPoint","urlTemplate":"https:\/\/enfoca.com.mx\/?s={search_term_string}"},"query-input":{"@type":"PropertyValueSpecification","valueRequired":true,"valueName":"search_term_string"}}],"inLanguage":"en-US"}]}},"_links":{"self":[{"href":"https:\/\/enfoca.com.mx\/eng\/wp-json\/wp\/v2\/pages\/496","targetHints":{"allow":["GET"]}}],"collection":[{"href":"https:\/\/enfoca.com.mx\/eng\/wp-json\/wp\/v2\/pages"}],"about":[{"href":"https:\/\/enfoca.com.mx\/eng\/wp-json\/wp\/v2\/types\/page"}],"author":[{"embeddable":true,"href":"https:\/\/enfoca.com.mx\/eng\/wp-json\/wp\/v2\/users\/1"}],"replies":[{"embeddable":true,"href":"https:\/\/enfoca.com.mx\/eng\/wp-json\/wp\/v2\/comments?post=496"}],"version-history":[{"count":0,"href":"https:\/\/enfoca.com.mx\/eng\/wp-json\/wp\/v2\/pages\/496\/revisions"}],"wp:featuredmedia":[{"embeddable":true,"href":"https:\/\/enfoca.com.mx\/eng\/wp-json\/wp\/v2\/media\/512"}],"wp:attachment":[{"href":"https:\/\/enfoca.com.mx\/eng\/wp-json\/wp\/v2\/media?parent=496"}],"curies":[{"name":"wp","href":"https:\/\/api.w.org\/{rel}","templated":true}]}}