{"id":522,"date":"2025-01-10T18:32:48","date_gmt":"2025-01-10T18:32:48","guid":{"rendered":"https:\/\/enfoca.com.mx\/?page_id=522"},"modified":"2025-05-09T21:29:09","modified_gmt":"2025-05-09T21:29:09","slug":"cirugia-lasik","status":"publish","type":"page","link":"https:\/\/enfoca.com.mx\/eng\/cirugia-lasik\/","title":{"rendered":"Cirug\u00eda Lasik"},"content":{"rendered":"<div data-elementor-type=\"wp-page\" data-elementor-id=\"522\" class=\"elementor elementor-522\" data-elementor-post-type=\"page\">\n\t\t\t\t\t\t<section class=\"elementor-section elementor-top-section elementor-element elementor-element-73db7fb elementor-section-content-middle elementor-section-boxed elementor-section-height-default elementor-section-height-default\" data-id=\"73db7fb\" data-element_type=\"section\" data-e-type=\"section\" data-settings=\"{&quot;background_background&quot;:&quot;classic&quot;}\">\n\t\t\t\t\t\t\t<div class=\"elementor-background-overlay\"><\/div>\n\t\t\t\t\t\t\t<div class=\"elementor-container elementor-column-gap-wide\">\n\t\t\t\t\t<div class=\"elementor-column elementor-col-100 elementor-top-column elementor-element elementor-element-03a10c5\" data-id=\"03a10c5\" data-element_type=\"column\" data-e-type=\"column\">\n\t\t\t<div class=\"elementor-widget-wrap elementor-element-populated\">\n\t\t\t\t\t\t<div class=\"elementor-element elementor-element-2795f4a elementor-invisible elementor-widget elementor-widget-heading\" data-id=\"2795f4a\" data-element_type=\"widget\" data-e-type=\"widget\" data-settings=\"{&quot;_animation&quot;:&quot;fadeIn&quot;,&quot;_animation_delay&quot;:100}\" data-widget_type=\"heading.default\">\n\t\t\t\t<div class=\"elementor-widget-container\">\n\t\t\t\t\t<h2 class=\"elementor-heading-title elementor-size-default\">Lasik Surgery in Cancun<\/h2>\t\t\t\t<\/div>\n\t\t\t\t<\/div>\n\t\t\t\t\t<\/div>\n\t\t<\/div>\n\t\t\t\t\t<\/div>\n\t\t<\/section>\n\t\t\t\t<section class=\"elementor-section elementor-top-section elementor-element elementor-element-1a846b4 elementor-section-content-middle elementor-section-boxed elementor-section-height-default elementor-section-height-default\" data-id=\"1a846b4\" data-element_type=\"section\" data-e-type=\"section\" data-settings=\"{&quot;background_background&quot;:&quot;classic&quot;}\">\n\t\t\t\t\t\t\t<div class=\"elementor-background-overlay\"><\/div>\n\t\t\t\t\t\t\t<div class=\"elementor-container elementor-column-gap-wide\">\n\t\t\t\t\t<div class=\"elementor-column elementor-col-100 elementor-top-column elementor-element elementor-element-3717b42 elementor-invisible\" data-id=\"3717b42\" data-element_type=\"column\" data-e-type=\"column\" data-settings=\"{&quot;animation&quot;:&quot;fadeIn&quot;,&quot;animation_delay&quot;:100}\">\n\t\t\t<div class=\"elementor-widget-wrap elementor-element-populated\">\n\t\t\t\t\t\t<div class=\"elementor-element elementor-element-eeffa98 elementor-widget elementor-widget-image\" data-id=\"eeffa98\" data-element_type=\"widget\" data-e-type=\"widget\" data-widget_type=\"image.default\">\n\t\t\t\t<div class=\"elementor-widget-container\">\n\t\t\t\t\t\t\t\t\t\t\t\t\t\t\t<img fetchpriority=\"high\" decoding=\"async\" width=\"2048\" height=\"1366\" src=\"https:\/\/enfoca.com.mx\/wp-content\/uploads\/2025\/01\/12SCI-LASIK1-superJumbo.jpg\" class=\"attachment-full size-full wp-image-527\" alt=\"\" srcset=\"https:\/\/enfoca.com.mx\/wp-content\/uploads\/2025\/01\/12SCI-LASIK1-superJumbo.jpg 2048w, https:\/\/enfoca.com.mx\/wp-content\/uploads\/2025\/01\/12SCI-LASIK1-superJumbo-300x200.jpg 300w, https:\/\/enfoca.com.mx\/wp-content\/uploads\/2025\/01\/12SCI-LASIK1-superJumbo-1024x683.jpg 1024w, https:\/\/enfoca.com.mx\/wp-content\/uploads\/2025\/01\/12SCI-LASIK1-superJumbo-768x512.jpg 768w, https:\/\/enfoca.com.mx\/wp-content\/uploads\/2025\/01\/12SCI-LASIK1-superJumbo-1536x1025.jpg 1536w\" sizes=\"(max-width: 2048px) 100vw, 2048px\" \/>\t\t\t\t\t\t\t\t\t\t\t\t\t\t\t<\/div>\n\t\t\t\t<\/div>\n\t\t\t\t\t<\/div>\n\t\t<\/div>\n\t\t\t\t<div class=\"elementor-column elementor-col-100 elementor-top-column elementor-element elementor-element-274c91f\" data-id=\"274c91f\" data-element_type=\"column\" data-e-type=\"column\">\n\t\t\t<div class=\"elementor-widget-wrap elementor-element-populated\">\n\t\t\t\t\t\t<div class=\"elementor-element elementor-element-a24064d elementor-invisible elementor-widget elementor-widget-heading\" data-id=\"a24064d\" data-element_type=\"widget\" data-e-type=\"widget\" data-settings=\"{&quot;_animation&quot;:&quot;fadeIn&quot;,&quot;_animation_delay&quot;:100}\" data-widget_type=\"heading.default\">\n\t\t\t\t<div class=\"elementor-widget-container\">\n\t\t\t\t\t<h2 class=\"elementor-heading-title elementor-size-default\">What is LASIK surgery like?<\/h2>\t\t\t\t<\/div>\n\t\t\t\t<\/div>\n\t\t\t\t<div class=\"elementor-element elementor-element-f6aec2e elementor-invisible elementor-widget elementor-widget-heading\" data-id=\"f6aec2e\" data-element_type=\"widget\" data-e-type=\"widget\" data-settings=\"{&quot;_animation&quot;:&quot;fadeIn&quot;,&quot;_animation_delay&quot;:150}\" data-widget_type=\"heading.default\">\n\t\t\t\t<div class=\"elementor-widget-container\">\n\t\t\t\t\t<h2 class=\"elementor-heading-title elementor-size-default\">Before a LASIK surgery procedure, the eye surgeon will evaluate detailed measurements of the eye. He or she will then use a special type of cutting laser to precisely alter the curvature of the cornea. With each pulse of the laser beam, a small amount of corneal tissue is removed, allowing the eye surgeon to flatten the corneal curvature or make it more pronounced.\n\nCommonly, the surgeon creates a flap in the cornea and then lifts it before reshaping the cornea. There are also variations in which a very thin flap is raised, or no flap is used, or no flap at all. Each technique has advantages and disadvantages.<\/h2>\t\t\t\t<\/div>\n\t\t\t\t<\/div>\n\t\t\t\t<section class=\"elementor-section elementor-inner-section elementor-element elementor-element-d7d7af4 elementor-section-boxed elementor-section-height-default elementor-section-height-default elementor-invisible\" data-id=\"d7d7af4\" data-element_type=\"section\" data-e-type=\"section\" data-settings=\"{&quot;animation&quot;:&quot;fadeIn&quot;,&quot;animation_delay&quot;:20}\">\n\t\t\t\t\t\t<div class=\"elementor-container elementor-column-gap-no\">\n\t\t\t\t\t<div class=\"elementor-column elementor-col-100 elementor-inner-column elementor-element elementor-element-6240986\" data-id=\"6240986\" data-element_type=\"column\" data-e-type=\"column\">\n\t\t\t<div class=\"elementor-widget-wrap elementor-element-populated\">\n\t\t\t\t\t\t<div class=\"elementor-element elementor-element-824b4a6 elementor-align-center elementor-widget elementor-widget-elementskit-button\" data-id=\"824b4a6\" data-element_type=\"widget\" data-e-type=\"widget\" data-widget_type=\"elementskit-button.default\">\n\t\t\t\t<div class=\"elementor-widget-container\">\n\t\t\t\t\t<div class=\"ekit-wid-con\" >\t\t<div class=\"ekit-btn-wraper\">\n\t\t\t\t\t\t\t<a href=\"https:\/\/wa.me\/529982017401\" class=\"elementskit-btn  whitespace--normal\" id=\"\">\n\t\t\t\t\tBook your appointment now\t\t\t\t<\/a>\n\t\t\t\t\t<\/div>\n        <\/div>\t\t\t\t<\/div>\n\t\t\t\t<\/div>\n\t\t\t\t\t<\/div>\n\t\t<\/div>\n\t\t\t\t\t<\/div>\n\t\t<\/section>\n\t\t\t\t\t<\/div>\n\t\t<\/div>\n\t\t\t\t\t<\/div>\n\t\t<\/section>\n\t\t\t\t<section class=\"elementor-section elementor-top-section elementor-element elementor-element-7486719 elementor-section-height-min-height elementor-section-boxed elementor-section-height-default elementor-section-items-middle\" data-id=\"7486719\" data-element_type=\"section\" data-e-type=\"section\" data-settings=\"{&quot;background_background&quot;:&quot;classic&quot;}\">\n\t\t\t\t\t\t\t<div class=\"elementor-background-overlay\"><\/div>\n\t\t\t\t\t\t\t<div class=\"elementor-container elementor-column-gap-default\">\n\t\t\t\t\t<div class=\"elementor-column elementor-col-100 elementor-top-column elementor-element elementor-element-6ccf418\" data-id=\"6ccf418\" data-element_type=\"column\" data-e-type=\"column\">\n\t\t\t<div class=\"elementor-widget-wrap elementor-element-populated\">\n\t\t\t\t\t\t<div class=\"elementor-element elementor-element-c9dc97a elementor-widget__width-inherit elementor-widget elementor-widget-heading\" data-id=\"c9dc97a\" data-element_type=\"widget\" data-e-type=\"widget\" data-widget_type=\"heading.default\">\n\t\t\t\t<div class=\"elementor-widget-container\">\n\t\t\t\t\t<h1 class=\"elementor-heading-title elementor-size-default\">Seeing the world clearly is not just a privilege, it is a new way of living.<\/h1>\t\t\t\t<\/div>\n\t\t\t\t<\/div>\n\t\t\t\t<div class=\"elementor-element elementor-element-c16424c elementor-align-center elementor-widget elementor-widget-elementskit-button\" data-id=\"c16424c\" data-element_type=\"widget\" data-e-type=\"widget\" data-widget_type=\"elementskit-button.default\">\n\t\t\t\t<div class=\"elementor-widget-container\">\n\t\t\t\t\t<div class=\"ekit-wid-con\" >\t\t<div class=\"ekit-btn-wraper\">\n\t\t\t\t\t\t\t<a href=\"https:\/\/wa.me\/529982017401\" class=\"elementskit-btn  whitespace--normal\" id=\"\">\n\t\t\t\t\tBook your appointment now\t\t\t\t<\/a>\n\t\t\t\t\t<\/div>\n        <\/div>\t\t\t\t<\/div>\n\t\t\t\t<\/div>\n\t\t\t\t\t<\/div>\n\t\t<\/div>\n\t\t\t\t\t<\/div>\n\t\t<\/section>\n\t\t\t\t<section class=\"elementor-section elementor-top-section elementor-element elementor-element-b34881f elementor-section-boxed elementor-section-height-default elementor-section-height-default\" data-id=\"b34881f\" data-element_type=\"section\" data-e-type=\"section\" data-settings=\"{&quot;background_background&quot;:&quot;classic&quot;}\">\n\t\t\t\t\t\t<div class=\"elementor-container elementor-column-gap-default\">\n\t\t\t\t\t<div class=\"elementor-column elementor-col-50 elementor-top-column elementor-element elementor-element-1837e70\" data-id=\"1837e70\" data-element_type=\"column\" data-e-type=\"column\">\n\t\t\t<div class=\"elementor-widget-wrap elementor-element-populated\">\n\t\t\t\t\t\t<div class=\"elementor-element elementor-element-d3700ef animated-slow elementor-invisible elementor-widget elementor-widget-heading\" data-id=\"d3700ef\" data-element_type=\"widget\" data-e-type=\"widget\" data-settings=\"{&quot;_animation&quot;:&quot;fadeIn&quot;}\" data-widget_type=\"heading.default\">\n\t\t\t\t<div class=\"elementor-widget-container\">\n\t\t\t\t\t<h1 class=\"elementor-heading-title elementor-size-default\">Laser eye procedures <\/h1>\t\t\t\t<\/div>\n\t\t\t\t<\/div>\n\t\t\t\t<div class=\"elementor-element elementor-element-8e6baa8 elementor-invisible elementor-widget elementor-widget-text-editor\" data-id=\"8e6baa8\" data-element_type=\"widget\" data-e-type=\"widget\" data-settings=\"{&quot;_animation&quot;:&quot;fadeIn&quot;}\" data-widget_type=\"text-editor.default\">\n\t\t\t\t<div class=\"elementor-widget-container\">\n\t\t\t\t\t\t\t\t\t<ul><li data-start=\"60\" data-end=\"295\"><p data-start=\"63\" data-end=\"295\"><strong data-start=\"63\" data-end=\"91\">LASIK Refractive Surgery<\/strong><br data-start=\"91\" data-end=\"94\" \/>A laser procedure that reshapes the cornea to correct visual defects such as nearsightedness, farsightedness, and astigmatism, reducing or eliminating the need for glasses or contact lenses.<\/p><\/li><li data-start=\"297\" data-end=\"525\"><p data-start=\"300\" data-end=\"525\"><strong data-start=\"300\" data-end=\"347\">PRK Surgery (Photorefractive Keratectomy)<\/strong><br data-start=\"347\" data-end=\"350\" \/>Laser technique that corrects refractive problems by removing the outermost layer of the cornea (epithelium), ideal for patients with thin or dry corneas.<\/p><\/li><li data-start=\"527\" data-end=\"777\"><p data-start=\"530\" data-end=\"777\"><strong data-start=\"530\" data-end=\"587\">ICL Lens Implant (Implantable Collamer Lens)<\/strong><br data-start=\"587\" data-end=\"590\" \/>An intraocular lens that is inserted without altering the cornea to correct severe refractive errors, offering an alternative to LASIK for patients who are not candidates for laser surgery.<\/p><\/li><\/ul>\t\t\t\t\t\t\t\t<\/div>\n\t\t\t\t<\/div>\n\t\t\t\t<div class=\"elementor-element elementor-element-0e721c4 elementor-align-center elementor-widget elementor-widget-elementskit-button\" data-id=\"0e721c4\" data-element_type=\"widget\" data-e-type=\"widget\" data-widget_type=\"elementskit-button.default\">\n\t\t\t\t<div class=\"elementor-widget-container\">\n\t\t\t\t\t<div class=\"ekit-wid-con\" >\t\t<div class=\"ekit-btn-wraper\">\n\t\t\t\t\t\t\t<a href=\"https:\/\/wa.me\/529982017401\" class=\"elementskit-btn  whitespace--normal\" id=\"\">\n\t\t\t\t\tBook your appointment now\t\t\t\t<\/a>\n\t\t\t\t\t<\/div>\n        <\/div>\t\t\t\t<\/div>\n\t\t\t\t<\/div>\n\t\t\t\t\t<\/div>\n\t\t<\/div>\n\t\t\t\t<div class=\"elementor-column elementor-col-50 elementor-top-column elementor-element elementor-element-4bb9b3b\" data-id=\"4bb9b3b\" data-element_type=\"column\" data-e-type=\"column\">\n\t\t\t<div class=\"elementor-widget-wrap elementor-element-populated\">\n\t\t\t\t\t\t<div class=\"elementor-element elementor-element-48cd061 elementor-widget elementor-widget-image\" data-id=\"48cd061\" data-element_type=\"widget\" data-e-type=\"widget\" data-widget_type=\"image.default\">\n\t\t\t\t<div class=\"elementor-widget-container\">\n\t\t\t\t\t\t\t\t\t\t\t\t\t\t\t<img decoding=\"async\" width=\"680\" height=\"1024\" src=\"https:\/\/enfoca.com.mx\/wp-content\/uploads\/2025\/01\/1200px-thumbnail-680x1024.jpg\" class=\"attachment-large size-large wp-image-653\" alt=\"\" srcset=\"https:\/\/enfoca.com.mx\/wp-content\/uploads\/2025\/01\/1200px-thumbnail-680x1024.jpg 680w, https:\/\/enfoca.com.mx\/wp-content\/uploads\/2025\/01\/1200px-thumbnail-199x300.jpg 199w, https:\/\/enfoca.com.mx\/wp-content\/uploads\/2025\/01\/1200px-thumbnail-768x1156.jpg 768w, https:\/\/enfoca.com.mx\/wp-content\/uploads\/2025\/01\/1200px-thumbnail-1020x1536.jpg 1020w, https:\/\/enfoca.com.mx\/wp-content\/uploads\/2025\/01\/1200px-thumbnail.jpg 1200w\" sizes=\"(max-width: 680px) 100vw, 680px\" \/>\t\t\t\t\t\t\t\t\t\t\t\t\t\t\t<\/div>\n\t\t\t\t<\/div>\n\t\t\t\t\t<\/div>\n\t\t<\/div>\n\t\t\t\t\t<\/div>\n\t\t<\/section>\n\t\t\t\t<\/div>","protected":false},"excerpt":{"rendered":"<p>Cirug\u00eda Lasik en Canc\u00fan \u00bfC\u00f3mo es la cirug\u00eda LASIK? Antes de un procedimiento de cirug\u00eda LASIK, el cirujano ocular evaluar\u00e1 [&hellip;]<\/p>\n","protected":false},"author":1,"featured_media":0,"parent":0,"menu_order":0,"comment_status":"closed","ping_status":"closed","template":"","meta":{"site-sidebar-layout":"no-sidebar","site-content-layout":"","ast-site-content-layout":"full-width-container","site-content-style":"default","site-sidebar-style":"default","ast-global-header-display":"","ast-banner-title-visibility":"","ast-main-header-display":"","ast-hfb-above-header-display":"","ast-hfb-below-header-display":"","ast-hfb-mobile-header-display":"","site-post-title":"disabled","ast-breadcrumbs-content":"","ast-featured-img":"disabled","footer-sml-layout":"","ast-disable-related-posts":"","theme-transparent-header-meta":"","adv-header-id-meta":"","stick-header-meta":"","header-above-stick-meta":"","header-main-stick-meta":"","header-below-stick-meta":"","astra-migrate-meta-layouts":"default","ast-page-background-enabled":"default","ast-page-background-meta":{"desktop":{"background-color":"var(--ast-global-color-5)","background-image":"","background-repeat":"repeat","background-position":"center center","background-size":"auto","background-attachment":"scroll","background-type":"","background-media":"","overlay-type":"","overlay-color":"","overlay-opacity":"","overlay-gradient":""},"tablet":{"background-color":"","background-image":"","background-repeat":"repeat","background-position":"center center","background-size":"auto","background-attachment":"scroll","background-type":"","background-media":"","overlay-type":"","overlay-color":"","overlay-opacity":"","overlay-gradient":""},"mobile":{"background-color":"","background-image":"","background-repeat":"repeat","background-position":"center center","background-size":"auto","background-attachment":"scroll","background-type":"","background-media":"","overlay-type":"","overlay-color":"","overlay-opacity":"","overlay-gradient":""}},"ast-content-background-meta":{"desktop":{"background-color":"var(--ast-global-color-4)","background-image":"","background-repeat":"repeat","background-position":"center center","background-size":"auto","background-attachment":"scroll","background-type":"","background-media":"","overlay-type":"","overlay-color":"","overlay-opacity":"","overlay-gradient":""},"tablet":{"background-color":"var(--ast-global-color-4)","background-image":"","background-repeat":"repeat","background-position":"center center","background-size":"auto","background-attachment":"scroll","background-type":"","background-media":"","overlay-type":"","overlay-color":"","overlay-opacity":"","overlay-gradient":""},"mobile":{"background-color":"var(--ast-global-color-4)","background-image":"","background-repeat":"repeat","background-position":"center center","background-size":"auto","background-attachment":"scroll","background-type":"","background-media":"","overlay-type":"","overlay-color":"","overlay-opacity":"","overlay-gradient":""}},"footnotes":""},"class_list":["post-522","page","type-page","status-publish","hentry"],"yoast_head":"<!-- This site is optimized with the Yoast SEO plugin v27.3 - https:\/\/yoast.com\/product\/yoast-seo-wordpress\/ -->\n<title>Cirug\u00eda Lasik en Canc\u00fan | Dr. Mario Riquelme<\/title>\n<meta name=\"description\" content=\"Cirug\u00eda ocular que se realiza para mejorar la visi\u00f3n y reducir la necesidad de la persona de usar anteojos o lentes de contacto.\" \/>\n<meta name=\"robots\" content=\"index, follow, max-snippet:-1, max-image-preview:large, max-video-preview:-1\" \/>\n<link rel=\"canonical\" href=\"https:\/\/enfoca.com.mx\/eng\/cirugia-lasik\/\" \/>\n<meta property=\"og:locale\" content=\"en_US\" \/>\n<meta property=\"og:type\" content=\"article\" \/>\n<meta property=\"og:title\" content=\"Cirug\u00eda Lasik en Canc\u00fan | Dr. Mario Riquelme\" \/>\n<meta property=\"og:description\" content=\"Cirug\u00eda ocular que se realiza para mejorar la visi\u00f3n y reducir la necesidad de la persona de usar anteojos o lentes de contacto.\" \/>\n<meta property=\"og:url\" content=\"https:\/\/enfoca.com.mx\/eng\/cirugia-lasik\/\" \/>\n<meta property=\"og:site_name\" content=\"ENFOCA\" \/>\n<meta property=\"article:modified_time\" content=\"2025-05-09T21:29:09+00:00\" \/>\n<meta property=\"og:image\" content=\"https:\/\/enfoca.com.mx\/wp-content\/uploads\/2025\/01\/12SCI-LASIK1-superJumbo.jpg\" \/>\n<meta name=\"twitter:card\" content=\"summary_large_image\" \/>\n<meta name=\"twitter:label1\" content=\"Est. reading time\" \/>\n\t<meta name=\"twitter:data1\" content=\"2 minutes\" \/>\n<script type=\"application\/ld+json\" class=\"yoast-schema-graph\">{\"@context\":\"https:\\\/\\\/schema.org\",\"@graph\":[{\"@type\":\"WebPage\",\"@id\":\"https:\\\/\\\/enfoca.com.mx\\\/cirugia-lasik\\\/\",\"url\":\"https:\\\/\\\/enfoca.com.mx\\\/cirugia-lasik\\\/\",\"name\":\"Cirug\u00eda Lasik en Canc\u00fan | Dr. Mario Riquelme\",\"isPartOf\":{\"@id\":\"https:\\\/\\\/enfoca.com.mx\\\/#website\"},\"primaryImageOfPage\":{\"@id\":\"https:\\\/\\\/enfoca.com.mx\\\/cirugia-lasik\\\/#primaryimage\"},\"image\":{\"@id\":\"https:\\\/\\\/enfoca.com.mx\\\/cirugia-lasik\\\/#primaryimage\"},\"thumbnailUrl\":\"https:\\\/\\\/enfoca.com.mx\\\/wp-content\\\/uploads\\\/2025\\\/01\\\/12SCI-LASIK1-superJumbo.jpg\",\"datePublished\":\"2025-01-10T18:32:48+00:00\",\"dateModified\":\"2025-05-09T21:29:09+00:00\",\"description\":\"Cirug\u00eda ocular que se realiza para mejorar la visi\u00f3n y reducir la necesidad de la persona de usar anteojos o lentes de contacto.\",\"breadcrumb\":{\"@id\":\"https:\\\/\\\/enfoca.com.mx\\\/cirugia-lasik\\\/#breadcrumb\"},\"inLanguage\":\"en-US\",\"potentialAction\":[{\"@type\":\"ReadAction\",\"target\":[\"https:\\\/\\\/enfoca.com.mx\\\/cirugia-lasik\\\/\"]}]},{\"@type\":\"ImageObject\",\"inLanguage\":\"en-US\",\"@id\":\"https:\\\/\\\/enfoca.com.mx\\\/cirugia-lasik\\\/#primaryimage\",\"url\":\"https:\\\/\\\/enfoca.com.mx\\\/wp-content\\\/uploads\\\/2025\\\/01\\\/12SCI-LASIK1-superJumbo.jpg\",\"contentUrl\":\"https:\\\/\\\/enfoca.com.mx\\\/wp-content\\\/uploads\\\/2025\\\/01\\\/12SCI-LASIK1-superJumbo.jpg\"},{\"@type\":\"BreadcrumbList\",\"@id\":\"https:\\\/\\\/enfoca.com.mx\\\/cirugia-lasik\\\/#breadcrumb\",\"itemListElement\":[{\"@type\":\"ListItem\",\"position\":1,\"name\":\"Home\",\"item\":\"https:\\\/\\\/enfoca.com.mx\\\/\"},{\"@type\":\"ListItem\",\"position\":2,\"name\":\"Cirug\u00eda Lasik\"}]},{\"@type\":\"WebSite\",\"@id\":\"https:\\\/\\\/enfoca.com.mx\\\/#website\",\"url\":\"https:\\\/\\\/enfoca.com.mx\\\/\",\"name\":\"ENFOCA\",\"description\":\"\",\"potentialAction\":[{\"@type\":\"SearchAction\",\"target\":{\"@type\":\"EntryPoint\",\"urlTemplate\":\"https:\\\/\\\/enfoca.com.mx\\\/?s={search_term_string}\"},\"query-input\":{\"@type\":\"PropertyValueSpecification\",\"valueRequired\":true,\"valueName\":\"search_term_string\"}}],\"inLanguage\":\"en-US\"}]}<\/script>\n<!-- \/ Yoast SEO plugin. -->","yoast_head_json":{"title":"Cirug\u00eda Lasik en Canc\u00fan | Dr. Mario Riquelme","description":"Cirug\u00eda ocular que se realiza para mejorar la visi\u00f3n y reducir la necesidad de la persona de usar anteojos o lentes de contacto.","robots":{"index":"index","follow":"follow","max-snippet":"max-snippet:-1","max-image-preview":"max-image-preview:large","max-video-preview":"max-video-preview:-1"},"canonical":"https:\/\/enfoca.com.mx\/eng\/cirugia-lasik\/","og_locale":"en_US","og_type":"article","og_title":"Cirug\u00eda Lasik en Canc\u00fan | Dr. Mario Riquelme","og_description":"Cirug\u00eda ocular que se realiza para mejorar la visi\u00f3n y reducir la necesidad de la persona de usar anteojos o lentes de contacto.","og_url":"https:\/\/enfoca.com.mx\/eng\/cirugia-lasik\/","og_site_name":"ENFOCA","article_modified_time":"2025-05-09T21:29:09+00:00","og_image":[{"url":"https:\/\/enfoca.com.mx\/wp-content\/uploads\/2025\/01\/12SCI-LASIK1-superJumbo.jpg","type":"","width":"","height":""}],"twitter_card":"summary_large_image","twitter_misc":{"Est. reading time":"2 minutes"},"schema":{"@context":"https:\/\/schema.org","@graph":[{"@type":"WebPage","@id":"https:\/\/enfoca.com.mx\/cirugia-lasik\/","url":"https:\/\/enfoca.com.mx\/cirugia-lasik\/","name":"Cirug\u00eda Lasik en Canc\u00fan | Dr. Mario Riquelme","isPartOf":{"@id":"https:\/\/enfoca.com.mx\/#website"},"primaryImageOfPage":{"@id":"https:\/\/enfoca.com.mx\/cirugia-lasik\/#primaryimage"},"image":{"@id":"https:\/\/enfoca.com.mx\/cirugia-lasik\/#primaryimage"},"thumbnailUrl":"https:\/\/enfoca.com.mx\/wp-content\/uploads\/2025\/01\/12SCI-LASIK1-superJumbo.jpg","datePublished":"2025-01-10T18:32:48+00:00","dateModified":"2025-05-09T21:29:09+00:00","description":"Cirug\u00eda ocular que se realiza para mejorar la visi\u00f3n y reducir la necesidad de la persona de usar anteojos o lentes de contacto.","breadcrumb":{"@id":"https:\/\/enfoca.com.mx\/cirugia-lasik\/#breadcrumb"},"inLanguage":"en-US","potentialAction":[{"@type":"ReadAction","target":["https:\/\/enfoca.com.mx\/cirugia-lasik\/"]}]},{"@type":"ImageObject","inLanguage":"en-US","@id":"https:\/\/enfoca.com.mx\/cirugia-lasik\/#primaryimage","url":"https:\/\/enfoca.com.mx\/wp-content\/uploads\/2025\/01\/12SCI-LASIK1-superJumbo.jpg","contentUrl":"https:\/\/enfoca.com.mx\/wp-content\/uploads\/2025\/01\/12SCI-LASIK1-superJumbo.jpg"},{"@type":"BreadcrumbList","@id":"https:\/\/enfoca.com.mx\/cirugia-lasik\/#breadcrumb","itemListElement":[{"@type":"ListItem","position":1,"name":"Home","item":"https:\/\/enfoca.com.mx\/"},{"@type":"ListItem","position":2,"name":"Cirug\u00eda Lasik"}]},{"@type":"WebSite","@id":"https:\/\/enfoca.com.mx\/#website","url":"https:\/\/enfoca.com.mx\/","name":"ENFOCA","description":"","potentialAction":[{"@type":"SearchAction","target":{"@type":"EntryPoint","urlTemplate":"https:\/\/enfoca.com.mx\/?s={search_term_string}"},"query-input":{"@type":"PropertyValueSpecification","valueRequired":true,"valueName":"search_term_string"}}],"inLanguage":"en-US"}]}},"_links":{"self":[{"href":"https:\/\/enfoca.com.mx\/eng\/wp-json\/wp\/v2\/pages\/522","targetHints":{"allow":["GET"]}}],"collection":[{"href":"https:\/\/enfoca.com.mx\/eng\/wp-json\/wp\/v2\/pages"}],"about":[{"href":"https:\/\/enfoca.com.mx\/eng\/wp-json\/wp\/v2\/types\/page"}],"author":[{"embeddable":true,"href":"https:\/\/enfoca.com.mx\/eng\/wp-json\/wp\/v2\/users\/1"}],"replies":[{"embeddable":true,"href":"https:\/\/enfoca.com.mx\/eng\/wp-json\/wp\/v2\/comments?post=522"}],"version-history":[{"count":0,"href":"https:\/\/enfoca.com.mx\/eng\/wp-json\/wp\/v2\/pages\/522\/revisions"}],"wp:attachment":[{"href":"https:\/\/enfoca.com.mx\/eng\/wp-json\/wp\/v2\/media?parent=522"}],"curies":[{"name":"wp","href":"https:\/\/api.w.org\/{rel}","templated":true}]}}